{"id":11899,"date":"2018-12-01T10:07:55","date_gmt":"2018-12-01T10:07:55","guid":{"rendered":"https:\/\/www.granadaproperties.com\/sobre-nosotros\/"},"modified":"2025-06-09T10:15:26","modified_gmt":"2025-06-09T10:15:26","slug":"sobre-nosotros","status":"publish","type":"page","link":"https:\/\/www.granadaproperties.com\/es\/sobre-nosotros\/","title":{"rendered":"Sobre nosotros"},"content":{"rendered":"\t\t<div data-elementor-type=\"wp-post\" data-elementor-id=\"11899\" class=\"elementor elementor-11899 elementor-1997\">\n\t\t\t\t\t\t<section class=\"elementor-section elementor-top-section elementor-element elementor-element-146cd7a elementor-section-content-middle elementor-section-boxed elementor-section-height-default elementor-section-height-default\" data-id=\"146cd7a\" data-element_type=\"section\">\n\t\t\t\t\t\t<div class=\"elementor-container elementor-column-gap-default\">\n\t\t\t\t\t<div class=\"elementor-column elementor-col-33 elementor-top-column elementor-element elementor-element-9e5056e stretch-to-none\" data-id=\"9e5056e\" data-element_type=\"column\">\n\t\t\t<div class=\"elementor-widget-wrap elementor-element-populated\">\n\t\t\t\t\t\t<section class=\"elementor-section elementor-inner-section elementor-element elementor-element-1fc8e1a elementor-section-content-middle elementor-section-boxed elementor-section-height-default elementor-section-height-default\" data-id=\"1fc8e1a\" data-element_type=\"section\">\n\t\t\t\t\t\t<div class=\"elementor-container elementor-column-gap-default\">\n\t\t\t\t\t<div class=\"elementor-column elementor-col-33 elementor-inner-column elementor-element elementor-element-d6c87e1 stretch-to-none\" data-id=\"d6c87e1\" data-element_type=\"column\">\n\t\t\t<div class=\"elementor-widget-wrap elementor-element-populated\">\n\t\t\t\t\t\t<div class=\"elementor-element elementor-element-5b89b18 elementor-align-center anchor-link elementor-widget elementor-widget-button\" data-id=\"5b89b18\" data-element_type=\"widget\" data-widget_type=\"button.default\">\n\t\t\t\t<div class=\"elementor-widget-container\">\n\t\t\t\t\t<div class=\"elementor-button-wrapper\">\n\t\t\t<a class=\"elementor-button elementor-button-link elementor-size-sm\" href=\"#company-history\">\n\t\t\t\t\t\t<span class=\"elementor-button-content-wrapper\">\n\t\t\t\t\t\t\t\t\t<span class=\"elementor-button-text\">Historia de la empresa<\/span>\n\t\t\t\t\t<\/span>\n\t\t\t\t\t<\/a>\n\t\t<\/div>\n\t\t\t\t<\/div>\n\t\t\t\t<\/div>\n\t\t\t\t\t<\/div>\n\t\t<\/div>\n\t\t\t\t<div class=\"elementor-column elementor-col-33 elementor-inner-column elementor-element elementor-element-bf99c96 stretch-to-none\" data-id=\"bf99c96\" data-element_type=\"column\">\n\t\t\t<div class=\"elementor-widget-wrap elementor-element-populated\">\n\t\t\t\t\t\t<div class=\"elementor-element elementor-element-9893abe elementor-align-center anchor-link elementor-widget elementor-widget-button\" data-id=\"9893abe\" data-element_type=\"widget\" data-widget_type=\"button.default\">\n\t\t\t\t<div class=\"elementor-widget-container\">\n\t\t\t\t\t<div class=\"elementor-button-wrapper\">\n\t\t\t<a class=\"elementor-button elementor-button-link elementor-size-sm\" href=\"#our-team\">\n\t\t\t\t\t\t<span class=\"elementor-button-content-wrapper\">\n\t\t\t\t\t\t\t\t\t<span class=\"elementor-button-text\">Personal clave<\/span>\n\t\t\t\t\t<\/span>\n\t\t\t\t\t<\/a>\n\t\t<\/div>\n\t\t\t\t<\/div>\n\t\t\t\t<\/div>\n\t\t\t\t\t<\/div>\n\t\t<\/div>\n\t\t\t\t<div class=\"elementor-column elementor-col-33 elementor-inner-column elementor-element elementor-element-f10ff83 stretch-to-none\" data-id=\"f10ff83\" data-element_type=\"column\">\n\t\t\t<div class=\"elementor-widget-wrap elementor-element-populated\">\n\t\t\t\t\t\t<div class=\"elementor-element elementor-element-41302a4 elementor-align-center elementor-widget elementor-widget-button\" data-id=\"41302a4\" data-element_type=\"widget\" data-widget_type=\"button.default\">\n\t\t\t\t<div class=\"elementor-widget-container\">\n\t\t\t\t\t<div class=\"elementor-button-wrapper\">\n\t\t\t<a class=\"elementor-button elementor-button-link elementor-size-sm\" href=\"#working-with-us\">\n\t\t\t\t\t\t<span class=\"elementor-button-content-wrapper\">\n\t\t\t\t\t\t\t\t\t<span class=\"elementor-button-text\">Trabaja con nosotros<\/span>\n\t\t\t\t\t<\/span>\n\t\t\t\t\t<\/a>\n\t\t<\/div>\n\t\t\t\t<\/div>\n\t\t\t\t<\/div>\n\t\t\t\t\t<\/div>\n\t\t<\/div>\n\t\t\t\t\t<\/div>\n\t\t<\/section>\n\t\t\t\t\t<\/div>\n\t\t<\/div>\n\t\t\t\t<div class=\"elementor-column elementor-col-33 elementor-top-column elementor-element elementor-element-e042e50 stretch-to-none\" data-id=\"e042e50\" data-element_type=\"column\">\n\t\t\t<div class=\"elementor-widget-wrap\">\n\t\t\t\t\t\t\t<\/div>\n\t\t<\/div>\n\t\t\t\t<div class=\"elementor-column elementor-col-33 elementor-top-column elementor-element elementor-element-38d029c stretch-to-none\" data-id=\"38d029c\" data-element_type=\"column\">\n\t\t\t<div class=\"elementor-widget-wrap\">\n\t\t\t\t\t\t\t<\/div>\n\t\t<\/div>\n\t\t\t\t\t<\/div>\n\t\t<\/section>\n\t\t\t\t<section class=\"elementor-section elementor-top-section elementor-element elementor-element-ec9858e elementor-section-boxed elementor-section-height-default elementor-section-height-default\" data-id=\"ec9858e\" data-element_type=\"section\">\n\t\t\t\t\t\t<div class=\"elementor-container elementor-column-gap-default\">\n\t\t\t\t\t<div class=\"elementor-column elementor-col-100 elementor-top-column elementor-element elementor-element-9004d14 stretch-to-none\" data-id=\"9004d14\" data-element_type=\"column\">\n\t\t\t<div class=\"elementor-widget-wrap elementor-element-populated\">\n\t\t\t\t\t\t<div class=\"elementor-element elementor-element-302366e elementor-widget elementor-widget-menu-anchor\" data-id=\"302366e\" data-element_type=\"widget\" data-widget_type=\"menu-anchor.default\">\n\t\t\t\t<div class=\"elementor-widget-container\">\n\t\t\t\t\t<div class=\"elementor-menu-anchor\" id=\"historiadelaempresa\"><\/div>\n\t\t\t\t<\/div>\n\t\t\t\t<\/div>\n\t\t\t\t\t<\/div>\n\t\t<\/div>\n\t\t\t\t\t<\/div>\n\t\t<\/section>\n\t\t\t\t<section class=\"elementor-section elementor-top-section elementor-element elementor-element-f425594 elementor-section-boxed elementor-section-height-default elementor-section-height-default\" data-id=\"f425594\" data-element_type=\"section\">\n\t\t\t\t\t\t<div class=\"elementor-container elementor-column-gap-default\">\n\t\t\t\t\t<div class=\"elementor-column elementor-col-100 elementor-top-column elementor-element elementor-element-7c5c71f stretch-to-none\" data-id=\"7c5c71f\" data-element_type=\"column\">\n\t\t\t<div class=\"elementor-widget-wrap elementor-element-populated\">\n\t\t\t\t\t\t<div class=\"elementor-element elementor-element-271824c elementor-widget elementor-widget-heading\" data-id=\"271824c\" data-element_type=\"widget\" data-widget_type=\"heading.default\">\n\t\t\t\t<div class=\"elementor-widget-container\">\n\t\t\t<h1 class=\"elementor-heading-title elementor-size-default\">Qui\u00e9nes somos<\/h1>\t\t<\/div>\n\t\t\t\t<\/div>\n\t\t\t\t<div class=\"elementor-element elementor-element-4c61130 elementor-widget elementor-widget-menu-anchor\" data-id=\"4c61130\" data-element_type=\"widget\" data-widget_type=\"menu-anchor.default\">\n\t\t\t\t<div class=\"elementor-widget-container\">\n\t\t\t\t\t<div class=\"elementor-menu-anchor\" id=\"sobrenosotros\"><\/div>\n\t\t\t\t<\/div>\n\t\t\t\t<\/div>\n\t\t\t\t\t<\/div>\n\t\t<\/div>\n\t\t\t\t\t<\/div>\n\t\t<\/section>\n\t\t\t\t<section class=\"elementor-section elementor-top-section elementor-element elementor-element-22c05f3 elementor-section-boxed elementor-section-height-default elementor-section-height-default\" data-id=\"22c05f3\" data-element_type=\"section\">\n\t\t\t\t\t\t<div class=\"elementor-container elementor-column-gap-default\">\n\t\t\t\t\t<div class=\"elementor-column elementor-col-50 elementor-top-column elementor-element elementor-element-0b5dcea stretch-to-none\" data-id=\"0b5dcea\" data-element_type=\"column\">\n\t\t\t<div class=\"elementor-widget-wrap elementor-element-populated\">\n\t\t\t\t\t\t<div class=\"elementor-element elementor-element-143e9ed elementor-widget elementor-widget-video\" data-id=\"143e9ed\" data-element_type=\"widget\" data-settings=\"{&quot;youtube_url&quot;:&quot;https:\\\/\\\/youtu.be\\\/Qb48t0VsMqU?si=EEcBO66Jrjj58t35&quot;,&quot;video_type&quot;:&quot;youtube&quot;,&quot;controls&quot;:&quot;yes&quot;}\" data-widget_type=\"video.default\">\n\t\t\t\t<div class=\"elementor-widget-container\">\n\t\t\t\t\t<div class=\"elementor-wrapper elementor-open-inline\">\n\t\t\t<div class=\"elementor-video\"><\/div>\t\t<\/div>\n\t\t\t\t<\/div>\n\t\t\t\t<\/div>\n\t\t\t\t\t<\/div>\n\t\t<\/div>\n\t\t\t\t<div class=\"elementor-column elementor-col-50 elementor-top-column elementor-element elementor-element-f61985d stretch-to-none\" data-id=\"f61985d\" data-element_type=\"column\">\n\t\t\t<div class=\"elementor-widget-wrap elementor-element-populated\">\n\t\t\t\t\t\t<div class=\"elementor-element elementor-element-fb3fa84 elementor-widget elementor-widget-text-editor\" data-id=\"fb3fa84\" data-element_type=\"widget\" data-widget_type=\"text-editor.default\">\n\t\t\t\t<div class=\"elementor-widget-container\">\n\t\t\t\t\t\t\t<p>Fundada en 2000, Granada Properties se ha ganado la reputaci\u00f3n de ser una de las empresas inmobiliarias m\u00e1s fiables del sur de Espa\u00f1a. Apasionados por la vibrante regi\u00f3n de Granada y la pintoresca Costa Tropical, estamos profundamente comprometidos con la prestaci\u00f3n de un servicio excepcional a nuestros clientes. D\u00e9cadas de experiencia, conocimientos locales y una s\u00f3lida base de datos y perspectivas de mercado nos permiten seguir guiando a nuestros clientes para que realicen inversiones inmobiliarias s\u00f3lidas, al tiempo que disfrutan del estilo de vida andaluz que todos apreciamos.  <\/p><p>Nuestra experiencia reside en la venta y alquiler de villas, apartamentos y adosados de primera calidad en Granada, as\u00ed como de propiedades en primera l\u00ednea de playa en la codiciada Costa Tropical.<br>Conocida por su clima excepcional y su incomparable calidad de vida, la Costa Tropical se ha convertido en uno de los lugares m\u00e1s deseados por los compradores de propiedades en el sur de Espa\u00f1a. Tanto si buscas un refugio tranquilo como una residencia elegante, somos especialistas en ayudar a los clientes a encontrar su casa ideal en esta impresionante regi\u00f3n. <\/p><p>En Granada Properties, nos enorgullecemos de ofrecer una experiencia integral al cliente. Nuestro equipo especializado apoya cada paso del proceso inmobiliario, desde encontrar la casa perfecta hasta ayudar con las reformas, el dise\u00f1o de interiores, los tr\u00e1mites hipotecarios y otros servicios esenciales. Con un enfoque personalizado, nuestro objetivo es hacer realidad el sue\u00f1o inmobiliario de cada cliente.  <\/p>\t\t\t\t\t\t<\/div>\n\t\t\t\t<\/div>\n\t\t\t\t<section class=\"elementor-section elementor-inner-section elementor-element elementor-element-99e1850 elementor-section-boxed elementor-section-height-default elementor-section-height-default\" data-id=\"99e1850\" data-element_type=\"section\">\n\t\t\t\t\t\t<div class=\"elementor-container elementor-column-gap-default\">\n\t\t\t\t\t<div class=\"elementor-column elementor-col-50 elementor-inner-column elementor-element elementor-element-a6bb463 stretch-to-none\" data-id=\"a6bb463\" data-element_type=\"column\">\n\t\t\t<div class=\"elementor-widget-wrap elementor-element-populated\">\n\t\t\t\t\t\t<div class=\"elementor-element elementor-element-89e2bfd elementor-widget elementor-widget-heading\" data-id=\"89e2bfd\" data-element_type=\"widget\" data-widget_type=\"heading.default\">\n\t\t\t\t<div class=\"elementor-widget-container\">\n\t\t\t<div class=\"elementor-heading-title elementor-size-default\">S\u00edguenos en:<\/div>\t\t<\/div>\n\t\t\t\t<\/div>\n\t\t\t\t\t<\/div>\n\t\t<\/div>\n\t\t\t\t<div class=\"elementor-column elementor-col-50 elementor-inner-column elementor-element elementor-element-ec8d21b stretch-to-none\" data-id=\"ec8d21b\" data-element_type=\"column\">\n\t\t\t<div class=\"elementor-widget-wrap elementor-element-populated\">\n\t\t\t\t\t\t<div class=\"elementor-element elementor-element-fd8ba22 e-grid-align-left e-grid-align-mobile-center elementor-shape-rounded elementor-grid-0 elementor-widget elementor-widget-social-icons\" data-id=\"fd8ba22\" data-element_type=\"widget\" data-widget_type=\"social-icons.default\">\n\t\t\t\t<div class=\"elementor-widget-container\">\n\t\t\t\t\t<div class=\"elementor-social-icons-wrapper elementor-grid\">\n\t\t\t\t\t\t\t<span class=\"elementor-grid-item\">\n\t\t\t\t\t<a class=\"elementor-icon elementor-social-icon elementor-social-icon-facebook-f elementor-animation-buzz-out elementor-repeater-item-2c0f1f5\" href=\"https:\/\/www.facebook.com\/granadapropertiescom\/\" target=\"_blank\" rel=\"noopener\">\n\t\t\t\t\t\t<span class=\"elementor-screen-only\">Facebook-f<\/span>\n\t\t\t\t\t\t<svg class=\"e-font-icon-svg e-fab-facebook-f\" viewBox=\"0 0 320 512\" xmlns=\"http:\/\/www.w3.org\/2000\/svg\"><path d=\"M279.14 288l14.22-92.66h-88.91v-60.13c0-25.35 12.42-50.06 52.24-50.06h40.42V6.26S260.43 0 225.36 0c-73.22 0-121.08 44.38-121.08 124.72v70.62H22.89V288h81.39v224h100.17V288z\"><\/path><\/svg>\t\t\t\t\t<\/a>\n\t\t\t\t<\/span>\n\t\t\t\t\t\t\t<span class=\"elementor-grid-item\">\n\t\t\t\t\t<a class=\"elementor-icon elementor-social-icon elementor-social-icon-youtube elementor-animation-buzz-out elementor-repeater-item-fc6f416\" href=\"https:\/\/www.youtube.com\/@granadaproperties4215\" target=\"_blank\" rel=\"noopener\">\n\t\t\t\t\t\t<span class=\"elementor-screen-only\">Youtube<\/span>\n\t\t\t\t\t\t<svg class=\"e-font-icon-svg e-fab-youtube\" viewBox=\"0 0 576 512\" xmlns=\"http:\/\/www.w3.org\/2000\/svg\"><path d=\"M549.655 124.083c-6.281-23.65-24.787-42.276-48.284-48.597C458.781 64 288 64 288 64S117.22 64 74.629 75.486c-23.497 6.322-42.003 24.947-48.284 48.597-11.412 42.867-11.412 132.305-11.412 132.305s0 89.438 11.412 132.305c6.281 23.65 24.787 41.5 48.284 47.821C117.22 448 288 448 288 448s170.78 0 213.371-11.486c23.497-6.321 42.003-24.171 48.284-47.821 11.412-42.867 11.412-132.305 11.412-132.305s0-89.438-11.412-132.305zm-317.51 213.508V175.185l142.739 81.205-142.739 81.201z\"><\/path><\/svg>\t\t\t\t\t<\/a>\n\t\t\t\t<\/span>\n\t\t\t\t\t<\/div>\n\t\t\t\t<\/div>\n\t\t\t\t<\/div>\n\t\t\t\t\t<\/div>\n\t\t<\/div>\n\t\t\t\t\t<\/div>\n\t\t<\/section>\n\t\t\t\t\t<\/div>\n\t\t<\/div>\n\t\t\t\t\t<\/div>\n\t\t<\/section>\n\t\t\t\t<section class=\"elementor-section elementor-top-section elementor-element elementor-element-092e7ef elementor-section-boxed elementor-section-height-default elementor-section-height-default\" data-id=\"092e7ef\" data-element_type=\"section\">\n\t\t\t\t\t\t<div class=\"elementor-container elementor-column-gap-default\">\n\t\t\t\t\t<div class=\"elementor-column elementor-col-100 elementor-top-column elementor-element elementor-element-544af57 stretch-to-none\" data-id=\"544af57\" data-element_type=\"column\">\n\t\t\t<div class=\"elementor-widget-wrap\">\n\t\t\t\t\t\t\t<\/div>\n\t\t<\/div>\n\t\t\t\t\t<\/div>\n\t\t<\/section>\n\t\t\t\t<section class=\"elementor-section elementor-top-section elementor-element elementor-element-53a8a76 elementor-section-boxed elementor-section-height-default elementor-section-height-default\" data-id=\"53a8a76\" data-element_type=\"section\" data-settings=\"{&quot;background_background&quot;:&quot;classic&quot;}\">\n\t\t\t\t\t\t<div class=\"elementor-container elementor-column-gap-default\">\n\t\t\t\t\t<div class=\"elementor-column elementor-col-100 elementor-top-column elementor-element elementor-element-44c8df6 stretch-to-none\" data-id=\"44c8df6\" data-element_type=\"column\">\n\t\t\t<div class=\"elementor-widget-wrap elementor-element-populated\">\n\t\t\t\t\t\t<div class=\"elementor-element elementor-element-a6345a0 elementor-widget elementor-widget-menu-anchor\" data-id=\"a6345a0\" data-element_type=\"widget\" data-widget_type=\"menu-anchor.default\">\n\t\t\t\t<div class=\"elementor-widget-container\">\n\t\t\t\t\t<div class=\"elementor-menu-anchor\" id=\"nuestro-equipo\"><\/div>\n\t\t\t\t<\/div>\n\t\t\t\t<\/div>\n\t\t\t\t<div class=\"elementor-element elementor-element-4eda8aa elementor-widget elementor-widget-heading\" data-id=\"4eda8aa\" data-element_type=\"widget\" data-widget_type=\"heading.default\">\n\t\t\t\t<div class=\"elementor-widget-container\">\n\t\t\t<h2 class=\"elementor-heading-title elementor-size-default\">Personal clave<\/h2>\t\t<\/div>\n\t\t\t\t<\/div>\n\t\t\t\t<div class=\"elementor-element elementor-element-f6d623f elementor-widget elementor-widget-homepress-staff\" data-id=\"f6d623f\" data-element_type=\"widget\" data-widget_type=\"homepress-staff.default\">\n\t\t\t\t<div class=\"elementor-widget-container\">\n\t\t\t\n\t\t\t\t\t\t<div class=\"\n\t\t\trow style_2\t\t\t\">\n\t\t\t\t\t\t\t<div class=\"\n\t\t\t\tcol-lg-3 col-sm-12 col-md-6\t\t\t\tstaff-item\">\n\t\t\t\t\t\t\t\t\t\t\t<div class=\"staff-thumbnail\">\n\t\t\t\t\t\t\t<img decoding=\"async\" width=\"160\" height=\"192\" src=\"https:\/\/www.granadaproperties.com\/wp-content\/uploads\/2024\/12\/zak_martin_ceo.jpg\" class=\"attachment-homepress-image-staff-760x760 size-homepress-image-staff-760x760 wp-post-image\" alt=\"\" \/>\t\t\t\t\t\t<\/div>\n\t\t\t\t\t\t\t\t\t\t<div class=\"staff-info-box\">\n\t\t\t\t\t\t<div class=\"staff-title\">\n\t\t\t\t\t\t\tPaul Z. Martin\t\t\t\t\t\t<\/div>\n\t\t\t\t\t\t\t\t\t\t\t\t\t<div class=\"staff-position\">\n\t\t\t\t\t\t\t\tFounder CEO\t\t\t\t\t\t\t<\/div>\n\t\t\t\t\t\t\t\t\t\t\t\t<\/div>\n\t\t\t\t<\/div>\n\t\t\t\t\t\t\t\t<div class=\"\n\t\t\t\tcol-lg-3 col-sm-12 col-md-6\t\t\t\tstaff-item\">\n\t\t\t\t\t\t\t\t\t\t\t<div class=\"staff-thumbnail\">\n\t\t\t\t\t\t\t<img fetchpriority=\"high\" decoding=\"async\" width=\"405\" height=\"465\" src=\"https:\/\/www.granadaproperties.com\/wp-content\/uploads\/2023\/12\/1693988615832.jpg\" class=\"attachment-homepress-image-staff-760x760 size-homepress-image-staff-760x760 wp-post-image\" alt=\"\" srcset=\"https:\/\/www.granadaproperties.com\/wp-content\/uploads\/2023\/12\/1693988615832.jpg 405w, https:\/\/www.granadaproperties.com\/wp-content\/uploads\/2023\/12\/1693988615832-261x300.jpg 261w, https:\/\/www.granadaproperties.com\/wp-content\/uploads\/2023\/12\/1693988615832-232x266.jpg 232w\" sizes=\"(max-width: 405px) 100vw, 405px\" \/>\t\t\t\t\t\t<\/div>\n\t\t\t\t\t\t\t\t\t\t<div class=\"staff-info-box\">\n\t\t\t\t\t\t<div class=\"staff-title\">\n\t\t\t\t\t\t\tNieves L\u00f3pez\t\t\t\t\t\t<\/div>\n\t\t\t\t\t\t\t\t\t\t\t\t\t<div class=\"staff-position\">\n\t\t\t\t\t\t\t\tManaging Director\t\t\t\t\t\t\t<\/div>\n\t\t\t\t\t\t\t\t\t\t\t\t<\/div>\n\t\t\t\t<\/div>\n\t\t\t\t\t\t\t\t<div class=\"\n\t\t\t\tcol-lg-3 col-sm-12 col-md-6\t\t\t\tstaff-item\">\n\t\t\t\t\t\t\t\t\t\t\t<div class=\"staff-thumbnail\">\n\t\t\t\t\t\t\t<img decoding=\"async\" width=\"760\" height=\"760\" src=\"https:\/\/www.granadaproperties.com\/wp-content\/uploads\/2024\/12\/agent2-760x760.jpg\" class=\"attachment-homepress-image-staff-760x760 size-homepress-image-staff-760x760 wp-post-image\" alt=\"\" srcset=\"https:\/\/www.granadaproperties.com\/wp-content\/uploads\/2024\/12\/agent2-760x760.jpg 760w, https:\/\/www.granadaproperties.com\/wp-content\/uploads\/2024\/12\/agent2-300x300.jpg 300w, https:\/\/www.granadaproperties.com\/wp-content\/uploads\/2024\/12\/agent2-150x150.jpg 150w, https:\/\/www.granadaproperties.com\/wp-content\/uploads\/2024\/12\/agent2-768x768.jpg 768w, https:\/\/www.granadaproperties.com\/wp-content\/uploads\/2024\/12\/agent2-101x101.jpg 101w, https:\/\/www.granadaproperties.com\/wp-content\/uploads\/2024\/12\/agent2-510x510.jpg 510w, https:\/\/www.granadaproperties.com\/wp-content\/uploads\/2024\/12\/agent2.jpg 1024w\" sizes=\"(max-width: 760px) 100vw, 760px\" \/>\t\t\t\t\t\t<\/div>\n\t\t\t\t\t\t\t\t\t\t<div class=\"staff-info-box\">\n\t\t\t\t\t\t<div class=\"staff-title\">\n\t\t\t\t\t\t\tKen Davenport\t\t\t\t\t\t<\/div>\n\t\t\t\t\t\t\t\t\t\t\t\t\t<div class=\"staff-position\">\n\t\t\t\t\t\t\t\tProperty Manager\t\t\t\t\t\t\t<\/div>\n\t\t\t\t\t\t\t\t\t\t\t\t<\/div>\n\t\t\t\t<\/div>\n\t\t\t\t\t\t\t\t<div class=\"\n\t\t\t\tcol-lg-3 col-sm-12 col-md-6\t\t\t\tstaff-item\">\n\t\t\t\t\t\t\t\t\t\t\t<div class=\"staff-thumbnail\">\n\t\t\t\t\t\t\t<img loading=\"lazy\" decoding=\"async\" width=\"760\" height=\"760\" src=\"https:\/\/www.granadaproperties.com\/wp-content\/uploads\/2024\/12\/agent-760x760.jpg\" class=\"attachment-homepress-image-staff-760x760 size-homepress-image-staff-760x760 wp-post-image\" alt=\"\" srcset=\"https:\/\/www.granadaproperties.com\/wp-content\/uploads\/2024\/12\/agent-760x760.jpg 760w, https:\/\/www.granadaproperties.com\/wp-content\/uploads\/2024\/12\/agent-300x300.jpg 300w, https:\/\/www.granadaproperties.com\/wp-content\/uploads\/2024\/12\/agent-150x150.jpg 150w, https:\/\/www.granadaproperties.com\/wp-content\/uploads\/2024\/12\/agent-768x768.jpg 768w, https:\/\/www.granadaproperties.com\/wp-content\/uploads\/2024\/12\/agent-101x101.jpg 101w, https:\/\/www.granadaproperties.com\/wp-content\/uploads\/2024\/12\/agent-510x510.jpg 510w, https:\/\/www.granadaproperties.com\/wp-content\/uploads\/2024\/12\/agent.jpg 1024w\" sizes=\"(max-width: 760px) 100vw, 760px\" \/>\t\t\t\t\t\t<\/div>\n\t\t\t\t\t\t\t\t\t\t<div class=\"staff-info-box\">\n\t\t\t\t\t\t<div class=\"staff-title\">\n\t\t\t\t\t\t\tLaura Campion-Jones\t\t\t\t\t\t<\/div>\n\t\t\t\t\t\t\t\t\t\t\t\t\t<div class=\"staff-position\">\n\t\t\t\t\t\t\t\tSales Director\t\t\t\t\t\t\t<\/div>\n\t\t\t\t\t\t\t\t\t\t\t\t<\/div>\n\t\t\t\t<\/div>\n\t\t\t\t\t\t<\/div>\n\t\t\t\t<\/div>\n\t\t\t\t<\/div>\n\t\t\t\t\t<\/div>\n\t\t<\/div>\n\t\t\t\t\t<\/div>\n\t\t<\/section>\n\t\t\t\t<section class=\"elementor-section elementor-top-section elementor-element elementor-element-798689d elementor-section-boxed elementor-section-height-default elementor-section-height-default\" data-id=\"798689d\" data-element_type=\"section\">\n\t\t\t\t\t\t<div class=\"elementor-container elementor-column-gap-default\">\n\t\t\t\t\t<div class=\"elementor-column elementor-col-100 elementor-top-column elementor-element elementor-element-e0911af stretch-to-none\" data-id=\"e0911af\" data-element_type=\"column\">\n\t\t\t<div class=\"elementor-widget-wrap elementor-element-populated\">\n\t\t\t\t\t\t<div class=\"elementor-element elementor-element-6da5dbe elementor-widget elementor-widget-menu-anchor\" data-id=\"6da5dbe\" data-element_type=\"widget\" data-widget_type=\"menu-anchor.default\">\n\t\t\t\t<div class=\"elementor-widget-container\">\n\t\t\t\t\t<div class=\"elementor-menu-anchor\" id=\"trabajar-con-nosotros\"><\/div>\n\t\t\t\t<\/div>\n\t\t\t\t<\/div>\n\t\t\t\t\t<\/div>\n\t\t<\/div>\n\t\t\t\t\t<\/div>\n\t\t<\/section>\n\t\t\t\t<section class=\"elementor-section elementor-top-section elementor-element elementor-element-49bccc3 elementor-section-boxed elementor-section-height-default elementor-section-height-default\" data-id=\"49bccc3\" data-element_type=\"section\">\n\t\t\t\t\t\t<div class=\"elementor-container elementor-column-gap-default\">\n\t\t\t\t\t<div class=\"elementor-column elementor-col-50 elementor-top-column elementor-element elementor-element-952c237 stretch-to-none\" data-id=\"952c237\" data-element_type=\"column\">\n\t\t\t<div class=\"elementor-widget-wrap elementor-element-populated\">\n\t\t\t\t\t\t<div class=\"elementor-element elementor-element-c29c0a2 elementor-widget elementor-widget-image\" data-id=\"c29c0a2\" data-element_type=\"widget\" data-widget_type=\"image.default\">\n\t\t\t\t<div class=\"elementor-widget-container\">\n\t\t\t\t\t\t\t\t\t\t<figure class=\"wp-caption\">\n\t\t\t\t\t\t\t\t\t\t<img loading=\"lazy\" decoding=\"async\" width=\"300\" height=\"200\" src=\"https:\/\/www.granadaproperties.com\/wp-content\/uploads\/2024\/12\/office-300x200.jpg\" class=\"attachment-medium size-medium wp-image-11746\" alt=\"\" srcset=\"https:\/\/www.granadaproperties.com\/wp-content\/uploads\/2024\/12\/office-300x200.jpg 300w, https:\/\/www.granadaproperties.com\/wp-content\/uploads\/2024\/12\/office-1024x682.jpg 1024w, https:\/\/www.granadaproperties.com\/wp-content\/uploads\/2024\/12\/office-768x512.jpg 768w, https:\/\/www.granadaproperties.com\/wp-content\/uploads\/2024\/12\/office-760x510.jpg 760w, https:\/\/www.granadaproperties.com\/wp-content\/uploads\/2024\/12\/office.jpg 1280w\" sizes=\"(max-width: 300px) 100vw, 300px\" \/>\t\t\t\t\t\t\t\t\t\t\t<figcaption class=\"widget-image-caption wp-caption-text\"><\/figcaption>\n\t\t\t\t\t\t\t\t\t\t<\/figure>\n\t\t\t\t\t\t\t<\/div>\n\t\t\t\t<\/div>\n\t\t\t\t\t<\/div>\n\t\t<\/div>\n\t\t\t\t<div class=\"elementor-column elementor-col-50 elementor-top-column elementor-element elementor-element-44644ff stretch-to-none\" data-id=\"44644ff\" data-element_type=\"column\">\n\t\t\t<div class=\"elementor-widget-wrap elementor-element-populated\">\n\t\t\t\t\t\t<div class=\"elementor-element elementor-element-32abdc6 elementor-widget elementor-widget-heading\" data-id=\"32abdc6\" data-element_type=\"widget\" data-widget_type=\"heading.default\">\n\t\t\t\t<div class=\"elementor-widget-container\">\n\t\t\t<h2 class=\"elementor-heading-title elementor-size-default\">\u00danete a nuestro equipo<\/h2>\t\t<\/div>\n\t\t\t\t<\/div>\n\t\t\t\t<div class=\"elementor-element elementor-element-d2ba441 elementor-widget elementor-widget-text-editor\" data-id=\"d2ba441\" data-element_type=\"widget\" data-widget_type=\"text-editor.default\">\n\t\t\t\t<div class=\"elementor-widget-container\">\n\t\t\t\t\t\t\t<p>Siempre estamos interesados en conocer a personas apasionadas y motivadas para contribuir a nuestro \u00e9xito en el mercado inmobiliario. Valoramos a los profesionales comprometidos con la prestaci\u00f3n de un servicio excepcional. Si est\u00e1s interesado en formar parte de nuestro equipo, env\u00eda tu CV a <strong><a rel=\"noopener\">info@granadaproperties.com<\/a><\/strong>. \u00a1Esperamos tener noticias tuyas!   <\/p>\t\t\t\t\t\t<\/div>\n\t\t\t\t<\/div>\n\t\t\t\t\t<\/div>\n\t\t<\/div>\n\t\t\t\t\t<\/div>\n\t\t<\/section>\n\t\t\t\t<\/div>\n\t\t","protected":false},"excerpt":{"rendered":"<p>Historia de la empresa Personal clave Trabaja con nosotros Qui\u00e9nes somos https:\/\/youtu.be\/Qb48t0VsMqU?si=EEcBO66Jrjj58t35 Fundada en 2000, Granada Properties se ha ganado la reputaci\u00f3n de ser una de las empresas inmobiliarias m\u00e1s fiables del sur de Espa\u00f1a. Apasionados por la vibrante regi\u00f3n de Granada y la pintoresca Costa Tropical, estamos profundamente comprometidos con la prestaci\u00f3n de un [&hellip;]<\/p>\n","protected":false},"author":2,"featured_media":0,"parent":0,"menu_order":0,"comment_status":"closed","ping_status":"closed","template":"elementor_header_footer","meta":{"footnotes":""},"class_list":["post-11899","page","type-page","status-publish","hentry"],"_links":{"self":[{"href":"https:\/\/www.granadaproperties.com\/es\/wp-json\/wp\/v2\/pages\/11899","targetHints":{"allow":["GET"]}}],"collection":[{"href":"https:\/\/www.granadaproperties.com\/es\/wp-json\/wp\/v2\/pages"}],"about":[{"href":"https:\/\/www.granadaproperties.com\/es\/wp-json\/wp\/v2\/types\/page"}],"author":[{"embeddable":true,"href":"https:\/\/www.granadaproperties.com\/es\/wp-json\/wp\/v2\/users\/2"}],"replies":[{"embeddable":true,"href":"https:\/\/www.granadaproperties.com\/es\/wp-json\/wp\/v2\/comments?post=11899"}],"version-history":[{"count":1,"href":"https:\/\/www.granadaproperties.com\/es\/wp-json\/wp\/v2\/pages\/11899\/revisions"}],"predecessor-version":[{"id":11904,"href":"https:\/\/www.granadaproperties.com\/es\/wp-json\/wp\/v2\/pages\/11899\/revisions\/11904"}],"wp:attachment":[{"href":"https:\/\/www.granadaproperties.com\/es\/wp-json\/wp\/v2\/media?parent=11899"}],"curies":[{"name":"wp","href":"https:\/\/api.w.org\/{rel}","templated":true}]}}