{"id":11879,"date":"2023-12-09T10:52:10","date_gmt":"2023-12-09T10:52:10","guid":{"rendered":"https:\/\/www.granadaproperties.com\/vender-propiedad\/"},"modified":"2025-06-09T10:14:10","modified_gmt":"2025-06-09T10:14:10","slug":"vender-propiedad","status":"publish","type":"page","link":"https:\/\/www.granadaproperties.com\/es\/vender-propiedad\/","title":{"rendered":"Vender Propiedad"},"content":{"rendered":"\t\t<div data-elementor-type=\"wp-page\" data-elementor-id=\"11879\" class=\"elementor elementor-11879 elementor-8365\">\n\t\t\t\t\t\t<section class=\"elementor-section elementor-top-section elementor-element elementor-element-db63d0c elementor-section-boxed elementor-section-height-default elementor-section-height-default\" data-id=\"db63d0c\" data-element_type=\"section\" data-settings=\"{&quot;background_background&quot;:&quot;classic&quot;}\">\n\t\t\t\t\t\t\t<div class=\"elementor-background-overlay\"><\/div>\n\t\t\t\t\t\t\t<div class=\"elementor-container elementor-column-gap-default\">\n\t\t\t\t\t<div class=\"elementor-column elementor-col-50 elementor-top-column elementor-element elementor-element-70b6d4d stretch-to-none\" data-id=\"70b6d4d\" data-element_type=\"column\">\n\t\t\t<div class=\"elementor-widget-wrap elementor-element-populated\">\n\t\t\t\t\t\t<div class=\"elementor-element elementor-element-110e700 elementor-widget elementor-widget-spacer\" data-id=\"110e700\" data-element_type=\"widget\" data-widget_type=\"spacer.default\">\n\t\t\t\t<div class=\"elementor-widget-container\">\n\t\t\t\t\t<div class=\"elementor-spacer\">\n\t\t\t<div class=\"elementor-spacer-inner\"><\/div>\n\t\t<\/div>\n\t\t\t\t<\/div>\n\t\t\t\t<\/div>\n\t\t\t\t<div class=\"elementor-element elementor-element-1259850 elementor-widget elementor-widget-heading\" data-id=\"1259850\" data-element_type=\"widget\" data-widget_type=\"heading.default\">\n\t\t\t\t<div class=\"elementor-widget-container\">\n\t\t\t<h2 class=\"elementor-heading-title elementor-size-default\">VENDE TU PROPIEDAD CON CONFIANZA<\/h2>\t\t<\/div>\n\t\t\t\t<\/div>\n\t\t\t\t<div class=\"elementor-element elementor-element-fab722c elementor-widget elementor-widget-heading\" data-id=\"fab722c\" data-element_type=\"widget\" data-widget_type=\"heading.default\">\n\t\t\t\t<div class=\"elementor-widget-container\">\n\t\t\t<h2 class=\"elementor-heading-title elementor-size-default\">\u00bfVendes tu vivienda en Espa\u00f1a?<\/h2>\t\t<\/div>\n\t\t\t\t<\/div>\n\t\t\t\t<div class=\"elementor-element elementor-element-6bc81de elementor-widget elementor-widget-text-editor\" data-id=\"6bc81de\" data-element_type=\"widget\" data-widget_type=\"text-editor.default\">\n\t\t\t\t<div class=\"elementor-widget-container\">\n\t\t\t\t\t\t\t<p>Llevamos vendiendo inmuebles en Granada desde el a\u00f1o 2020. Ofrecemos un servicio integral de transmisi\u00f3n que incluye desde la comercializaci\u00f3n de las propiedades y la organizaci\u00f3n de visitas, hasta la realizaci\u00f3n de la venta. No nos limitamos a anunciar propiedades, sino que las comercializamos proactivamente a escala internacional en nombre de nuestros clientes.<\/p>\t\t\t\t\t\t<\/div>\n\t\t\t\t<\/div>\n\t\t\t\t<div class=\"elementor-element elementor-element-644cf71 elementor-widget elementor-widget-spacer\" data-id=\"644cf71\" data-element_type=\"widget\" data-widget_type=\"spacer.default\">\n\t\t\t\t<div class=\"elementor-widget-container\">\n\t\t\t\t\t<div class=\"elementor-spacer\">\n\t\t\t<div class=\"elementor-spacer-inner\"><\/div>\n\t\t<\/div>\n\t\t\t\t<\/div>\n\t\t\t\t<\/div>\n\t\t\t\t\t<\/div>\n\t\t<\/div>\n\t\t\t\t<div class=\"elementor-column elementor-col-50 elementor-top-column elementor-element elementor-element-35ae6c9 elementor-hidden-tablet elementor-hidden-phone stretch-to-none\" data-id=\"35ae6c9\" data-element_type=\"column\">\n\t\t\t<div class=\"elementor-widget-wrap\">\n\t\t\t\t\t\t\t<\/div>\n\t\t<\/div>\n\t\t\t\t\t<\/div>\n\t\t<\/section>\n\t\t<div class=\"elementor-element elementor-element-2d7684d e-flex e-con-boxed e-con e-parent\" data-id=\"2d7684d\" data-element_type=\"container\">\n\t\t\t\t\t<div class=\"e-con-inner\">\n\t\t\t\t<div class=\"elementor-element elementor-element-dfa98ce elementor-widget elementor-widget-spacer\" data-id=\"dfa98ce\" data-element_type=\"widget\" data-widget_type=\"spacer.default\">\n\t\t\t\t<div class=\"elementor-widget-container\">\n\t\t\t\t\t<div class=\"elementor-spacer\">\n\t\t\t<div class=\"elementor-spacer-inner\"><\/div>\n\t\t<\/div>\n\t\t\t\t<\/div>\n\t\t\t\t<\/div>\n\t\t\t\t\t<\/div>\n\t\t\t\t<\/div>\n\t\t<div class=\"elementor-element elementor-element-ffecd92 e-flex e-con-boxed e-con e-parent\" data-id=\"ffecd92\" data-element_type=\"container\">\n\t\t\t\t\t<div class=\"e-con-inner\">\n\t\t\t\t<div class=\"elementor-element elementor-element-85f696c elementor-widget elementor-widget-heading\" data-id=\"85f696c\" data-element_type=\"widget\" data-widget_type=\"heading.default\">\n\t\t\t\t<div class=\"elementor-widget-container\">\n\t\t\t<h2 class=\"elementor-heading-title elementor-size-default\">Conecta con compradores serios<\/h2>\t\t<\/div>\n\t\t\t\t<\/div>\n\t\t\t\t\t<\/div>\n\t\t\t\t<\/div>\n\t\t<div class=\"elementor-element elementor-element-cb579b9 e-flex e-con-boxed e-con e-parent\" data-id=\"cb579b9\" data-element_type=\"container\">\n\t\t\t\t\t<div class=\"e-con-inner\">\n\t\t<div class=\"elementor-element elementor-element-08b62e7 e-con-full e-flex e-con e-child\" data-id=\"08b62e7\" data-element_type=\"container\">\n\t\t\t\t<div class=\"elementor-element elementor-element-83d8e51 elementor-widget elementor-widget-image\" data-id=\"83d8e51\" data-element_type=\"widget\" data-widget_type=\"image.default\">\n\t\t\t\t<div class=\"elementor-widget-container\">\n\t\t\t\t\t\t\t\t\t\t\t\t\t<img fetchpriority=\"high\" decoding=\"async\" width=\"640\" height=\"480\" src=\"https:\/\/www.granadaproperties.com\/wp-content\/uploads\/2023\/12\/carmen18-1.jpg\" class=\"attachment-large size-large wp-image-11130\" alt=\"\" srcset=\"https:\/\/www.granadaproperties.com\/wp-content\/uploads\/2023\/12\/carmen18-1-300x225.jpg 300w, https:\/\/www.granadaproperties.com\/wp-content\/uploads\/2023\/12\/carmen18-1.jpg 640w\" sizes=\"(max-width: 640px) 100vw, 640px\" \/>\t\t\t\t\t\t\t\t\t\t\t\t\t<\/div>\n\t\t\t\t<\/div>\n\t\t\t\t<\/div>\n\t\t<div class=\"elementor-element elementor-element-bea9fef e-con-full e-flex e-con e-child\" data-id=\"bea9fef\" data-element_type=\"container\">\n\t\t\t\t<div class=\"elementor-element elementor-element-76a8709 elementor-widget elementor-widget-text-editor\" data-id=\"76a8709\" data-element_type=\"widget\" data-widget_type=\"text-editor.default\">\n\t\t\t\t<div class=\"elementor-widget-container\">\n\t\t\t\t\t\t\t<p>Vender tu casa por tu cuenta puede ser un proceso largo y estresante. Gestionarlo todo de principio a fin requiere una importante inversi\u00f3n de tiempo y esfuerzo, y mucha gente, comprensiblemente, reh\u00faye esta desalentadora perspectiva. Adem\u00e1s, sin ayuda profesional, los vendedores pueden encontrarse con complicados problemas legales que pueden provocar retrasos, disputas o incluso p\u00e9rdidas econ\u00f3micas.<\/p><p>Aprovechamos la tecnolog\u00eda m\u00e1s avanzada, como el marketing online, las redes sociales, las herramientas de comunicaci\u00f3n automatizada por correo electr\u00f3nico, como los recordatorios electr\u00f3nicos, y la fotograf\u00eda profesional, en combinaci\u00f3n con nuestra profunda experiencia en el mercado local. Esto garantiza que tu casa llegue al p\u00fablico adecuado, maximizando la probabilidad de conseguir un acuerdo r\u00e1pido en las mejores condiciones posibles.<\/p><p>Vende tu casa con confianza, sabiendo que nuestro equipo de experimentados profesionales inmobiliarios est\u00e1 aqu\u00ed para guiarte en cada paso del proceso y conseguir el mejor resultado posible para tu propiedad.<\/p>\t\t\t\t\t\t<\/div>\n\t\t\t\t<\/div>\n\t\t\t\t<\/div>\n\t\t\t\t\t<\/div>\n\t\t\t\t<\/div>\n\t\t<div class=\"elementor-element elementor-element-b974689 e-flex e-con-boxed e-con e-parent\" data-id=\"b974689\" data-element_type=\"container\">\n\t\t\t\t\t<div class=\"e-con-inner\">\n\t\t<div class=\"elementor-element elementor-element-a324c55 e-flex e-con-boxed e-con e-child\" data-id=\"a324c55\" data-element_type=\"container\">\n\t\t\t\t\t<div class=\"e-con-inner\">\n\t\t\t\t<div class=\"elementor-element elementor-element-c0b7eee elementor-widget elementor-widget-text-editor\" data-id=\"c0b7eee\" data-element_type=\"widget\" data-widget_type=\"text-editor.default\">\n\t\t\t\t<div class=\"elementor-widget-container\">\n\t\t\t\t\t\t\t<p>Antes de poner a la venta tu propiedad, nos tomamos el tiempo necesario para asegurarnos de que est\u00e1 totalmente preparada para el mercado. Empezamos visitando tu casa para evaluar sus caracter\u00edsticas \u00fanicas y determinar c\u00f3mo encaja en nuestra cartera. Esta evaluaci\u00f3n nos ayuda a mostrar tu propiedad de forma eficaz y a asesorar con precisi\u00f3n a los posibles compradores.<\/p><p>El contacto personal contigo, el propietario, es una parte importante de nuestro proceso. Durante una reuni\u00f3n, hablaremos de nuestros m\u00e9todos de trabajo, acordaremos estrategias de precios, revisaremos los detalles del contrato y abordaremos cualquier pregunta o duda que puedas tener.<\/p><p>Nuestro enfoque est\u00e1 dise\u00f1ado para crear una experiencia profesional y personalizada, dando a tu propiedad la atenci\u00f3n y preparaci\u00f3n que necesita antes de llegar al mercado.<\/p>\t\t\t\t\t\t<\/div>\n\t\t\t\t<\/div>\n\t\t\t\t\t<\/div>\n\t\t\t\t<\/div>\n\t\t\t\t\t<\/div>\n\t\t\t\t<\/div>\n\t\t<div class=\"elementor-element elementor-element-23020cd e-flex e-con-boxed e-con e-parent\" data-id=\"23020cd\" data-element_type=\"container\">\n\t\t\t\t\t<div class=\"e-con-inner\">\n\t\t\t\t<div class=\"elementor-element elementor-element-0279412 elementor-align-center elementor-widget elementor-widget-button\" data-id=\"0279412\" data-element_type=\"widget\" data-widget_type=\"button.default\">\n\t\t\t\t<div class=\"elementor-widget-container\">\n\t\t\t\t\t<div class=\"elementor-button-wrapper\">\n\t\t\t<a class=\"elementor-button elementor-button-link elementor-size-sm\" href=\"https:\/\/www.granadaproperties.com\/es\/vende-tu-inmueble-con-nosotros\/\">\n\t\t\t\t\t\t<span class=\"elementor-button-content-wrapper\">\n\t\t\t\t\t\t\t\t\t<span class=\"elementor-button-text\">Haz clic aqu\u00ed para vender tu propiedad con nosotros<\/span>\n\t\t\t\t\t<\/span>\n\t\t\t\t\t<\/a>\n\t\t<\/div>\n\t\t\t\t<\/div>\n\t\t\t\t<\/div>\n\t\t\t\t<div class=\"elementor-element elementor-element-b2dd7d7 elementor-widget elementor-widget-spacer\" data-id=\"b2dd7d7\" data-element_type=\"widget\" data-widget_type=\"spacer.default\">\n\t\t\t\t<div class=\"elementor-widget-container\">\n\t\t\t\t\t<div class=\"elementor-spacer\">\n\t\t\t<div class=\"elementor-spacer-inner\"><\/div>\n\t\t<\/div>\n\t\t\t\t<\/div>\n\t\t\t\t<\/div>\n\t\t\t\t\t<\/div>\n\t\t\t\t<\/div>\n\t\t<div class=\"elementor-element elementor-element-f7bb074 e-flex e-con-boxed e-con e-parent\" data-id=\"f7bb074\" data-element_type=\"container\">\n\t\t\t\t\t<div class=\"e-con-inner\">\n\t\t\t\t\t<\/div>\n\t\t\t\t<\/div>\n\t\t\t\t<\/div>\n\t\t","protected":false},"excerpt":{"rendered":"<p>VENDE TU PROPIEDAD CON CONFIANZA \u00bfVendes tu vivienda en Espa\u00f1a? Llevamos vendiendo inmuebles en Granada desde el a\u00f1o 2020. Ofrecemos un servicio integral de transmisi\u00f3n que incluye desde la comercializaci\u00f3n de las propiedades y la organizaci\u00f3n de visitas, hasta la realizaci\u00f3n de la venta. No nos limitamos a anunciar propiedades, sino que las comercializamos proactivamente [&hellip;]<\/p>\n","protected":false},"author":1,"featured_media":0,"parent":0,"menu_order":0,"comment_status":"closed","ping_status":"closed","template":"elementor_header_footer","meta":{"footnotes":""},"class_list":["post-11879","page","type-page","status-publish","hentry"],"_links":{"self":[{"href":"https:\/\/www.granadaproperties.com\/es\/wp-json\/wp\/v2\/pages\/11879","targetHints":{"allow":["GET"]}}],"collection":[{"href":"https:\/\/www.granadaproperties.com\/es\/wp-json\/wp\/v2\/pages"}],"about":[{"href":"https:\/\/www.granadaproperties.com\/es\/wp-json\/wp\/v2\/types\/page"}],"author":[{"embeddable":true,"href":"https:\/\/www.granadaproperties.com\/es\/wp-json\/wp\/v2\/users\/1"}],"replies":[{"embeddable":true,"href":"https:\/\/www.granadaproperties.com\/es\/wp-json\/wp\/v2\/comments?post=11879"}],"version-history":[{"count":1,"href":"https:\/\/www.granadaproperties.com\/es\/wp-json\/wp\/v2\/pages\/11879\/revisions"}],"predecessor-version":[{"id":11880,"href":"https:\/\/www.granadaproperties.com\/es\/wp-json\/wp\/v2\/pages\/11879\/revisions\/11880"}],"wp:attachment":[{"href":"https:\/\/www.granadaproperties.com\/es\/wp-json\/wp\/v2\/media?parent=11879"}],"curies":[{"name":"wp","href":"https:\/\/api.w.org\/{rel}","templated":true}]}}