{"id":11858,"date":"2024-03-16T12:32:31","date_gmt":"2024-03-16T12:32:31","guid":{"rendered":"https:\/\/www.granadaproperties.com\/administracion-de-fincas-vacacionales\/"},"modified":"2025-06-09T10:14:01","modified_gmt":"2025-06-09T10:14:01","slug":"administracion-de-fincas-vacacionales","status":"publish","type":"page","link":"https:\/\/www.granadaproperties.com\/es\/administracion-de-fincas-vacacionales\/","title":{"rendered":"Administraci\u00f3n de fincas vacacionales"},"content":{"rendered":"\t\t<div data-elementor-type=\"wp-post\" data-elementor-id=\"11858\" class=\"elementor elementor-11858 elementor-9560\">\n\t\t\t\t\t\t<section class=\"elementor-section elementor-top-section elementor-element elementor-element-f425594 elementor-section-boxed elementor-section-height-default elementor-section-height-default\" data-id=\"f425594\" data-element_type=\"section\">\n\t\t\t\t\t\t<div class=\"elementor-container elementor-column-gap-default\">\n\t\t\t\t\t<div class=\"elementor-column elementor-col-100 elementor-top-column elementor-element elementor-element-7c5c71f stretch-to-none\" data-id=\"7c5c71f\" data-element_type=\"column\">\n\t\t\t<div class=\"elementor-widget-wrap elementor-element-populated\">\n\t\t\t\t\t\t<div class=\"elementor-element elementor-element-271824c elementor-widget elementor-widget-heading\" data-id=\"271824c\" data-element_type=\"widget\" data-widget_type=\"heading.default\">\n\t\t\t\t<div class=\"elementor-widget-container\">\n\t\t\t<h1 class=\"elementor-heading-title elementor-size-default\">Maximiza tu potencial de alquiler vacacional con Granada Properties<\/h1>\t\t<\/div>\n\t\t\t\t<\/div>\n\t\t\t\t\t<\/div>\n\t\t<\/div>\n\t\t\t\t\t<\/div>\n\t\t<\/section>\n\t\t\t\t<section class=\"elementor-section elementor-top-section elementor-element elementor-element-ec9858e elementor-section-boxed elementor-section-height-default elementor-section-height-default\" data-id=\"ec9858e\" data-element_type=\"section\">\n\t\t\t\t\t\t<div class=\"elementor-container elementor-column-gap-default\">\n\t\t\t\t\t<div class=\"elementor-column elementor-col-100 elementor-top-column elementor-element elementor-element-9004d14 stretch-to-none\" data-id=\"9004d14\" data-element_type=\"column\">\n\t\t\t<div class=\"elementor-widget-wrap elementor-element-populated\">\n\t\t\t\t\t\t<div class=\"elementor-element elementor-element-e28f7cf elementor-widget elementor-widget-text-editor\" data-id=\"e28f7cf\" data-element_type=\"widget\" data-widget_type=\"text-editor.default\">\n\t\t\t\t<div class=\"elementor-widget-container\">\n\t\t\t\t\t\t\t<p>En Granada Properties, ofrecemos una soluci\u00f3n completa para gestionar alquileres vacacionales en la regi\u00f3n de Granada. Tanto si posees una villa junto a la playa, un acogedor apartamento urbano o un refugio en el campo, nuestros servicios garantizan que tu propiedad prospere en el competitivo mercado del alquiler vacacional. Desde operaciones fluidas hasta experiencias excepcionales para los hu\u00e9spedes, nos ocupamos de todos los detalles para que puedas disfrutar de ingresos por alquiler sin estr\u00e9s.  <\/p>\t\t\t\t\t\t<\/div>\n\t\t\t\t<\/div>\n\t\t\t\t<div class=\"elementor-element elementor-element-b9c12f7 elementor-widget elementor-widget-heading\" data-id=\"b9c12f7\" data-element_type=\"widget\" data-widget_type=\"heading.default\">\n\t\t\t\t<div class=\"elementor-widget-container\">\n\t\t\t<h2 class=\"elementor-heading-title elementor-size-default\">Cuidado integral de tu vivienda de alquiler vacacional<\/h2>\t\t<\/div>\n\t\t\t\t<\/div>\n\t\t\t\t\t<\/div>\n\t\t<\/div>\n\t\t\t\t\t<\/div>\n\t\t<\/section>\n\t\t\t\t<section class=\"elementor-section elementor-top-section elementor-element elementor-element-22c05f3 elementor-section-boxed elementor-section-height-default elementor-section-height-default\" data-id=\"22c05f3\" data-element_type=\"section\">\n\t\t\t\t\t\t<div class=\"elementor-container elementor-column-gap-default\">\n\t\t\t\t\t<div class=\"elementor-column elementor-col-50 elementor-top-column elementor-element elementor-element-0b5dcea stretch-to-none\" data-id=\"0b5dcea\" data-element_type=\"column\">\n\t\t\t<div class=\"elementor-widget-wrap elementor-element-populated\">\n\t\t\t\t\t\t<div class=\"elementor-element elementor-element-af11ec8 elementor-widget elementor-widget-image\" data-id=\"af11ec8\" data-element_type=\"widget\" data-widget_type=\"image.default\">\n\t\t\t\t<div class=\"elementor-widget-container\">\n\t\t\t\t\t\t\t\t\t\t\t\t\t<img fetchpriority=\"high\" decoding=\"async\" width=\"900\" height=\"600\" src=\"https:\/\/www.granadaproperties.com\/wp-content\/uploads\/2024\/01\/5ef3fb52-1024x683.jpg\" class=\"attachment-large size-large wp-image-11312\" alt=\"\" srcset=\"https:\/\/www.granadaproperties.com\/wp-content\/uploads\/2024\/01\/5ef3fb52-1024x683.jpg 1024w, https:\/\/www.granadaproperties.com\/wp-content\/uploads\/2024\/01\/5ef3fb52-300x200.jpg 300w, https:\/\/www.granadaproperties.com\/wp-content\/uploads\/2024\/01\/5ef3fb52-768x512.jpg 768w, https:\/\/www.granadaproperties.com\/wp-content\/uploads\/2024\/01\/5ef3fb52-1536x1024.jpg 1536w, https:\/\/www.granadaproperties.com\/wp-content\/uploads\/2024\/01\/5ef3fb52-2048x1365.jpg 2048w, https:\/\/www.granadaproperties.com\/wp-content\/uploads\/2024\/01\/5ef3fb52-1060x707.jpg 1060w, https:\/\/www.granadaproperties.com\/wp-content\/uploads\/2024\/01\/5ef3fb52-scaled-e1706203492358.jpg 600w\" sizes=\"(max-width: 900px) 100vw, 900px\" \/>\t\t\t\t\t\t\t\t\t\t\t\t\t<\/div>\n\t\t\t\t<\/div>\n\t\t\t\t\t<\/div>\n\t\t<\/div>\n\t\t\t\t<div class=\"elementor-column elementor-col-50 elementor-top-column elementor-element elementor-element-f61985d stretch-to-none\" data-id=\"f61985d\" data-element_type=\"column\">\n\t\t\t<div class=\"elementor-widget-wrap elementor-element-populated\">\n\t\t\t\t\t\t<div class=\"elementor-element elementor-element-fb3fa84 elementor-widget elementor-widget-text-editor\" data-id=\"fb3fa84\" data-element_type=\"widget\" data-widget_type=\"text-editor.default\">\n\t\t\t\t<div class=\"elementor-widget-container\">\n\t\t\t\t\t\t\t<p>Nuestro cualificado equipo se asegura de que tu propiedad est\u00e9 siempre lista para impresionar, centr\u00e1ndose en el cuidado meticuloso y la atenci\u00f3n al detalle. Damos prioridad al mantenimiento peri\u00f3dico, las reparaciones eficientes y la limpieza profesional para mantener el atractivo de tu propiedad todo el a\u00f1o. Para casas con caracter\u00edsticas \u00fanicas, como jardines o piscinas, ofrecemos servicios a medida para realzar su encanto y funcionalidad, asegur\u00e1ndonos de que tu propiedad destaque siempre.  <\/p><p>Nuestro enfoque de la gesti\u00f3n inmobiliaria simplifica la propiedad del alquiler vacacional. Al gestionar todos los aspectos del mantenimiento, eliminamos el estr\u00e9s de las responsabilidades cotidianas. Desde las evaluaciones y el mantenimiento rutinarios hasta el cuidado especializado de los espacios exteriores, nos encargamos de todo, salvaguardando el estado de tu propiedad y aumentando su valor de mercado en los a\u00f1os venideros.  <\/p>\t\t\t\t\t\t<\/div>\n\t\t\t\t<\/div>\n\t\t\t\t\t<\/div>\n\t\t<\/div>\n\t\t\t\t\t<\/div>\n\t\t<\/section>\n\t\t<div class=\"elementor-element elementor-element-518ae14 e-flex e-con-boxed e-con e-parent\" data-id=\"518ae14\" data-element_type=\"container\">\n\t\t\t\t\t<div class=\"e-con-inner\">\n\t\t\t\t<div class=\"elementor-element elementor-element-e100822 elementor-widget elementor-widget-heading\" data-id=\"e100822\" data-element_type=\"widget\" data-widget_type=\"heading.default\">\n\t\t\t\t<div class=\"elementor-widget-container\">\n\t\t\t<h4 class=\"elementor-heading-title elementor-size-default\">Entre las principales caracter\u00edsticas de nuestros servicios de gesti\u00f3n inmobiliaria se incluyen:<\/h4>\t\t<\/div>\n\t\t\t\t<\/div>\n\t\t\t\t\t<\/div>\n\t\t\t\t<\/div>\n\t\t\t\t<section class=\"elementor-section elementor-top-section elementor-element elementor-element-969b21d elementor-section-boxed elementor-section-height-default elementor-section-height-default\" data-id=\"969b21d\" data-element_type=\"section\">\n\t\t\t\t\t\t<div class=\"elementor-container elementor-column-gap-default\">\n\t\t\t\t\t<div class=\"elementor-column elementor-col-100 elementor-top-column elementor-element elementor-element-a2874ee stretch-to-none\" data-id=\"a2874ee\" data-element_type=\"column\">\n\t\t\t<div class=\"elementor-widget-wrap elementor-element-populated\">\n\t\t\t\t\t\t<div class=\"elementor-element elementor-element-a2a34d9 elementor-widget elementor-widget-text-editor\" data-id=\"a2a34d9\" data-element_type=\"widget\" data-widget_type=\"text-editor.default\">\n\t\t\t\t<div class=\"elementor-widget-container\">\n\t\t\t\t\t\t\t<p>-Inspecciones y mantenimiento peri\u00f3dicos para resolver cualquier problema con prontitud<\/p><p>-Coordinaci\u00f3n de los servicios de limpieza y mantenimiento para mantener la propiedad en perfectas condiciones<\/p><p>-Encargarse de las reparaciones y renovaciones necesarias para mantener el valor de la propiedad y la satisfacci\u00f3n de los hu\u00e9spedes.<\/p><p>-Asistencia de emergencia 24 horas al d\u00eda, 7 d\u00edas a la semana, tanto para los propietarios como para los hu\u00e9spedes, para resolver r\u00e1pidamente cualquier problema urgente<\/p><p>-Descripciones convincentes y listados detallados para atraer a hu\u00e9spedes potenciales<\/p><p>-Seguimiento y optimizaci\u00f3n continuos de los listados para garantizar la m\u00e1xima visibilidad y rendimiento<\/p><p>-Respuesta r\u00e1pida a las consultas y solicitudes de reserva de los hu\u00e9spedes para garantizar las reservas<\/p><p>-Registros personalizados y comunicaci\u00f3n con los hu\u00e9spedes para una experiencia fluida.<\/p><p>-Coordinaci\u00f3n de servicios adicionales como traslados al aeropuerto, excursiones y actividades para mejorar la experiencia de los hu\u00e9spedes.<\/p>\t\t\t\t\t\t<\/div>\n\t\t\t\t<\/div>\n\t\t\t\t\t<\/div>\n\t\t<\/div>\n\t\t\t\t\t<\/div>\n\t\t<\/section>\n\t\t<div class=\"elementor-element elementor-element-b7b99d2 e-flex e-con-boxed e-con e-parent\" data-id=\"b7b99d2\" data-element_type=\"container\">\n\t\t\t\t\t<div class=\"e-con-inner\">\n\t\t<div class=\"elementor-element elementor-element-7d24cdb e-con-full e-flex e-con e-child\" data-id=\"7d24cdb\" data-element_type=\"container\">\n\t\t\t\t<div class=\"elementor-element elementor-element-a58ef44 elementor-widget elementor-widget-image\" data-id=\"a58ef44\" data-element_type=\"widget\" data-widget_type=\"image.default\">\n\t\t\t\t<div class=\"elementor-widget-container\">\n\t\t\t\t\t\t\t\t\t\t\t\t\t<img decoding=\"async\" width=\"760\" height=\"470\" src=\"https:\/\/www.granadaproperties.com\/wp-content\/uploads\/2024\/12\/luxprop.webp\" class=\"attachment-large size-large wp-image-11762\" alt=\"\" srcset=\"https:\/\/www.granadaproperties.com\/wp-content\/uploads\/2024\/12\/luxprop-300x186.webp 300w, https:\/\/www.granadaproperties.com\/wp-content\/uploads\/2024\/12\/luxprop-160x100.webp 160w, https:\/\/www.granadaproperties.com\/wp-content\/uploads\/2024\/12\/luxprop.webp 760w\" sizes=\"(max-width: 760px) 100vw, 760px\" \/>\t\t\t\t\t\t\t\t\t\t\t\t\t<\/div>\n\t\t\t\t<\/div>\n\t\t\t\t<\/div>\n\t\t<div class=\"elementor-element elementor-element-f6a46e7 e-con-full e-flex e-con e-child\" data-id=\"f6a46e7\" data-element_type=\"container\">\n\t\t\t\t<div class=\"elementor-element elementor-element-ff40edd elementor-widget elementor-widget-text-editor\" data-id=\"ff40edd\" data-element_type=\"widget\" data-widget_type=\"text-editor.default\">\n\t\t\t\t<div class=\"elementor-widget-container\">\n\t\t\t\t\t\t\t<p>Optimizar la presencia online de tu propiedad es esencial para atraer hu\u00e9spedes y maximizar las reservas. Nuestros servicios de gesti\u00f3n de listados est\u00e1n dise\u00f1ados para garantizar que tu propiedad destaque en las plataformas de reservas m\u00e1s populares, lo que aumenta su visibilidad y las reservas. <\/p><p>En Granada Properties, nos comprometemos a prestar servicios integrales de gesti\u00f3n de alquileres vacacionales que ofrezcan resultados excepcionales tanto a los propietarios como a los hu\u00e9spedes. Ponte en contacto con nosotros hoy mismo para saber m\u00e1s sobre c\u00f3mo podemos ayudarte a maximizar el potencial de tu propiedad y alcanzar tus objetivos de alquiler. <\/p>\t\t\t\t\t\t<\/div>\n\t\t\t\t<\/div>\n\t\t\t\t<\/div>\n\t\t\t\t\t<\/div>\n\t\t\t\t<\/div>\n\t\t<div class=\"elementor-element elementor-element-b701386 e-flex e-con-boxed e-con e-parent\" data-id=\"b701386\" data-element_type=\"container\">\n\t\t\t\t\t<div class=\"e-con-inner\">\n\t\t\t\t<div class=\"elementor-element elementor-element-4fb032a elementor-widget elementor-widget-spacer\" data-id=\"4fb032a\" data-element_type=\"widget\" data-widget_type=\"spacer.default\">\n\t\t\t\t<div class=\"elementor-widget-container\">\n\t\t\t\t\t<div class=\"elementor-spacer\">\n\t\t\t<div class=\"elementor-spacer-inner\"><\/div>\n\t\t<\/div>\n\t\t\t\t<\/div>\n\t\t\t\t<\/div>\n\t\t\t\t<div class=\"elementor-element elementor-element-3327ec7 elementor-align-center elementor-widget elementor-widget-button\" data-id=\"3327ec7\" data-element_type=\"widget\" data-widget_type=\"button.default\">\n\t\t\t\t<div class=\"elementor-widget-container\">\n\t\t\t\t\t<div class=\"elementor-button-wrapper\">\n\t\t\t<a class=\"elementor-button elementor-button-link elementor-size-sm\" href=\"https:\/\/www.granadaproperties.com\/es\/alquila-tu-piso-de-vacaciones\/\">\n\t\t\t\t\t\t<span class=\"elementor-button-content-wrapper\">\n\t\t\t\t\t\t\t\t\t<span class=\"elementor-button-text\">Haz clic aqu\u00ed para alquilar tu vivienda con nosotros<\/span>\n\t\t\t\t\t<\/span>\n\t\t\t\t\t<\/a>\n\t\t<\/div>\n\t\t\t\t<\/div>\n\t\t\t\t<\/div>\n\t\t\t\t\t<\/div>\n\t\t\t\t<\/div>\n\t\t\t\t<section class=\"elementor-section elementor-top-section elementor-element elementor-element-092e7ef elementor-section-boxed elementor-section-height-default elementor-section-height-default\" data-id=\"092e7ef\" data-element_type=\"section\">\n\t\t\t\t\t\t<div class=\"elementor-container elementor-column-gap-default\">\n\t\t\t\t\t<div class=\"elementor-column elementor-col-100 elementor-top-column elementor-element elementor-element-544af57 stretch-to-none\" data-id=\"544af57\" data-element_type=\"column\">\n\t\t\t<div class=\"elementor-widget-wrap elementor-element-populated\">\n\t\t\t\t\t\t<div class=\"elementor-element elementor-element-b97b290 elementor-widget elementor-widget-spacer\" data-id=\"b97b290\" data-element_type=\"widget\" data-widget_type=\"spacer.default\">\n\t\t\t\t<div class=\"elementor-widget-container\">\n\t\t\t\t\t<div class=\"elementor-spacer\">\n\t\t\t<div class=\"elementor-spacer-inner\"><\/div>\n\t\t<\/div>\n\t\t\t\t<\/div>\n\t\t\t\t<\/div>\n\t\t\t\t\t<\/div>\n\t\t<\/div>\n\t\t\t\t\t<\/div>\n\t\t<\/section>\n\t\t\t\t<\/div>\n\t\t","protected":false},"excerpt":{"rendered":"<p>Maximiza tu potencial de alquiler vacacional con Granada Properties En Granada Properties, ofrecemos una soluci\u00f3n completa para gestionar alquileres vacacionales en la regi\u00f3n de Granada. Tanto si posees una villa junto a la playa, un acogedor apartamento urbano o un refugio en el campo, nuestros servicios garantizan que tu propiedad prospere en el competitivo mercado [&hellip;]<\/p>\n","protected":false},"author":1,"featured_media":0,"parent":0,"menu_order":0,"comment_status":"closed","ping_status":"closed","template":"","meta":{"footnotes":""},"class_list":["post-11858","page","type-page","status-publish","hentry"],"_links":{"self":[{"href":"https:\/\/www.granadaproperties.com\/es\/wp-json\/wp\/v2\/pages\/11858","targetHints":{"allow":["GET"]}}],"collection":[{"href":"https:\/\/www.granadaproperties.com\/es\/wp-json\/wp\/v2\/pages"}],"about":[{"href":"https:\/\/www.granadaproperties.com\/es\/wp-json\/wp\/v2\/types\/page"}],"author":[{"embeddable":true,"href":"https:\/\/www.granadaproperties.com\/es\/wp-json\/wp\/v2\/users\/1"}],"replies":[{"embeddable":true,"href":"https:\/\/www.granadaproperties.com\/es\/wp-json\/wp\/v2\/comments?post=11858"}],"version-history":[{"count":1,"href":"https:\/\/www.granadaproperties.com\/es\/wp-json\/wp\/v2\/pages\/11858\/revisions"}],"predecessor-version":[{"id":11863,"href":"https:\/\/www.granadaproperties.com\/es\/wp-json\/wp\/v2\/pages\/11858\/revisions\/11863"}],"wp:attachment":[{"href":"https:\/\/www.granadaproperties.com\/es\/wp-json\/wp\/v2\/media?parent=11858"}],"curies":[{"name":"wp","href":"https:\/\/api.w.org\/{rel}","templated":true}]}}