{"id":11856,"date":"2023-12-09T10:54:59","date_gmt":"2023-12-09T10:54:59","guid":{"rendered":"https:\/\/www.granadaproperties.com\/alquileres-de-vacaciones\/"},"modified":"2025-06-09T10:14:01","modified_gmt":"2025-06-09T10:14:01","slug":"alquileres-de-vacaciones","status":"publish","type":"page","link":"https:\/\/www.granadaproperties.com\/es\/alquileres-de-vacaciones\/","title":{"rendered":"Alquileres de vacaciones"},"content":{"rendered":"\t\t<div data-elementor-type=\"wp-page\" data-elementor-id=\"11856\" class=\"elementor elementor-11856 elementor-8367\">\n\t\t\t\t<div class=\"elementor-element elementor-element-29d94e4 e-flex e-con-boxed e-con e-parent\" data-id=\"29d94e4\" data-element_type=\"container\">\n\t\t\t\t\t<div class=\"e-con-inner\">\n\t\t\t\t<div class=\"elementor-element elementor-element-81f0ac8 elementor-widget elementor-widget-text-editor\" data-id=\"81f0ac8\" data-element_type=\"widget\" data-widget_type=\"text-editor.default\">\n\t\t\t\t<div class=\"elementor-widget-container\">\n\t\t\t\t\t\t\t<p>Encuentra las mejores villas de alquiler en la Costa Tropical. Nos hemos asociado con Expedia, una plataforma consolidada y de confianza para reservar exclusivas casas de vacaciones en todo el mundo. <\/p>\t\t\t\t\t\t<\/div>\n\t\t\t\t<\/div>\n\t\t\t\t\t<\/div>\n\t\t\t\t<\/div>\n\t\t<div class=\"elementor-element elementor-element-e557257 e-flex e-con-boxed e-con e-parent\" data-id=\"e557257\" data-element_type=\"container\">\n\t\t\t\t\t<div class=\"e-con-inner\">\n\t\t<div class=\"elementor-element elementor-element-b1e2de9 e-con-full e-flex e-con e-child\" data-id=\"b1e2de9\" data-element_type=\"container\">\n\t\t\t\t<div class=\"elementor-element elementor-element-513fc57 elementor-widget elementor-widget-image\" data-id=\"513fc57\" data-element_type=\"widget\" data-widget_type=\"image.default\">\n\t\t\t\t<div class=\"elementor-widget-container\">\n\t\t\t\t\t\t\t\t\t\t\t\t\t\t<a href=\"https:\/\/expedia.com\/affiliates\/almunecar-hotels-wonderful-private-villa-for-6-guests-with-private-pool.v7UQHRE\" target=\"_blank\" rel=\"noopener\">\n\t\t\t\t\t\t\t<img fetchpriority=\"high\" decoding=\"async\" width=\"900\" height=\"675\" src=\"https:\/\/www.granadaproperties.com\/wp-content\/uploads\/2024\/01\/f5e6f213-1024x768.jpg\" class=\"attachment-large size-large wp-image-11308\" alt=\"\" srcset=\"https:\/\/www.granadaproperties.com\/wp-content\/uploads\/2024\/01\/f5e6f213-1024x768.jpg 1024w, https:\/\/www.granadaproperties.com\/wp-content\/uploads\/2024\/01\/f5e6f213-300x225.jpg 300w, https:\/\/www.granadaproperties.com\/wp-content\/uploads\/2024\/01\/f5e6f213-768x576.jpg 768w, https:\/\/www.granadaproperties.com\/wp-content\/uploads\/2024\/01\/f5e6f213-1536x1152.jpg 1536w, https:\/\/www.granadaproperties.com\/wp-content\/uploads\/2024\/01\/f5e6f213-1060x795.jpg 1060w, https:\/\/www.granadaproperties.com\/wp-content\/uploads\/2024\/01\/f5e6f213.jpg 1920w, https:\/\/www.granadaproperties.com\/wp-content\/uploads\/2024\/01\/f5e6f213-e1706203252149.jpg 600w\" sizes=\"(max-width: 900px) 100vw, 900px\" \/>\t\t\t\t\t\t\t\t<\/a>\n\t\t\t\t\t\t\t\t\t\t\t\t\t<\/div>\n\t\t\t\t<\/div>\n\t\t\t\t<div class=\"elementor-element elementor-element-b251f1e elementor-widget elementor-widget-text-editor\" data-id=\"b251f1e\" data-element_type=\"widget\" data-widget_type=\"text-editor.default\">\n\t\t\t\t<div class=\"elementor-widget-container\">\n\t\t\t\t\t\t\t<p><a href=\"https:\/\/expedia.com\/affiliates\/almunecar-hotels-wonderful-private-villa-for-6-guests-with-private-pool.v7UQHRE\" target=\"_blank\" rel=\"noopener\"><strong>Maravillosa villa privada para 6 hu\u00e9spedes con aire acondicionado, WIFI, piscina privada, TV y patio<\/strong><\/a><\/p>\t\t\t\t\t\t<\/div>\n\t\t\t\t<\/div>\n\t\t\t\t<div class=\"elementor-element elementor-element-26ba1d0 elementor-widget elementor-widget-text-editor\" data-id=\"26ba1d0\" data-element_type=\"widget\" data-widget_type=\"text-editor.default\">\n\t\t\t\t<div class=\"elementor-widget-container\">\n\t\t\t\t\t\t\t<p>Almu\u00f1\u00e9car<\/p>\t\t\t\t\t\t<\/div>\n\t\t\t\t<\/div>\n\t\t\t\t<\/div>\n\t\t<div class=\"elementor-element elementor-element-80faae5 e-con-full e-flex e-con e-child\" data-id=\"80faae5\" data-element_type=\"container\">\n\t\t\t\t<div class=\"elementor-element elementor-element-6ffeb62 elementor-widget elementor-widget-image\" data-id=\"6ffeb62\" data-element_type=\"widget\" data-widget_type=\"image.default\">\n\t\t\t\t<div class=\"elementor-widget-container\">\n\t\t\t\t\t\t\t\t\t\t\t\t\t\t<a href=\"https:\/\/expedia.com\/affiliates\/almunecar-hotels-vila-andaluza.V9ClRLA\" target=\"_blank\" rel=\"noopener\">\n\t\t\t\t\t\t\t<img decoding=\"async\" width=\"900\" height=\"619\" src=\"https:\/\/www.granadaproperties.com\/wp-content\/uploads\/2024\/01\/48d01108-1024x704.jpg\" class=\"attachment-large size-large wp-image-11306\" alt=\"\" srcset=\"https:\/\/www.granadaproperties.com\/wp-content\/uploads\/2024\/01\/48d01108-1024x704.jpg 1024w, https:\/\/www.granadaproperties.com\/wp-content\/uploads\/2024\/01\/48d01108-300x206.jpg 300w, https:\/\/www.granadaproperties.com\/wp-content\/uploads\/2024\/01\/48d01108-768x528.jpg 768w, https:\/\/www.granadaproperties.com\/wp-content\/uploads\/2024\/01\/48d01108-1536x1056.jpg 1536w, https:\/\/www.granadaproperties.com\/wp-content\/uploads\/2024\/01\/48d01108-1060x729.jpg 1060w, https:\/\/www.granadaproperties.com\/wp-content\/uploads\/2024\/01\/48d01108.jpg 1600w, https:\/\/www.granadaproperties.com\/wp-content\/uploads\/2024\/01\/48d01108-e1706203287612.jpg 600w\" sizes=\"(max-width: 900px) 100vw, 900px\" \/>\t\t\t\t\t\t\t\t<\/a>\n\t\t\t\t\t\t\t\t\t\t\t\t\t<\/div>\n\t\t\t\t<\/div>\n\t\t\t\t<div class=\"elementor-element elementor-element-43ea804 elementor-widget elementor-widget-text-editor\" data-id=\"43ea804\" data-element_type=\"widget\" data-widget_type=\"text-editor.default\">\n\t\t\t\t<div class=\"elementor-widget-container\">\n\t\t\t\t\t\t\t<p><strong><a href=\"https:\/\/expedia.com\/affiliates\/almunecar-hotels-vila-andaluza.V9ClRLA\" target=\"_blank\" rel=\"noopener\">Villa Andaluza con vistas al mar, piscina, jard\u00edn y Wi-Fi<\/a><\/strong><\/p>\t\t\t\t\t\t<\/div>\n\t\t\t\t<\/div>\n\t\t\t\t<div class=\"elementor-element elementor-element-8364098 elementor-widget elementor-widget-text-editor\" data-id=\"8364098\" data-element_type=\"widget\" data-widget_type=\"text-editor.default\">\n\t\t\t\t<div class=\"elementor-widget-container\">\n\t\t\t\t\t\t\t<p>Almu\u00f1\u00e9car<\/p>\t\t\t\t\t\t<\/div>\n\t\t\t\t<\/div>\n\t\t\t\t<\/div>\n\t\t<div class=\"elementor-element elementor-element-a00c852 e-con-full e-flex e-con e-child\" data-id=\"a00c852\" data-element_type=\"container\">\n\t\t\t\t<div class=\"elementor-element elementor-element-147a0b3 elementor-widget elementor-widget-image\" data-id=\"147a0b3\" data-element_type=\"widget\" data-widget_type=\"image.default\">\n\t\t\t\t<div class=\"elementor-widget-container\">\n\t\t\t\t\t\t\t\t\t\t\t\t\t\t<a href=\"https:\/\/expedia.com\/affiliates\/almunecar-hotels-villa-marina-del-este-with-sea-view.TNDyl53\" target=\"_blank\" rel=\"noopener\">\n\t\t\t\t\t\t\t<img decoding=\"async\" width=\"900\" height=\"675\" src=\"https:\/\/www.granadaproperties.com\/wp-content\/uploads\/2024\/01\/1265d500-1024x768.jpg\" class=\"attachment-large size-large wp-image-11304\" alt=\"\" srcset=\"https:\/\/www.granadaproperties.com\/wp-content\/uploads\/2024\/01\/1265d500-1024x768.jpg 1024w, https:\/\/www.granadaproperties.com\/wp-content\/uploads\/2024\/01\/1265d500-300x225.jpg 300w, https:\/\/www.granadaproperties.com\/wp-content\/uploads\/2024\/01\/1265d500-768x576.jpg 768w, https:\/\/www.granadaproperties.com\/wp-content\/uploads\/2024\/01\/1265d500-1536x1152.jpg 1536w, https:\/\/www.granadaproperties.com\/wp-content\/uploads\/2024\/01\/1265d500-2048x1536.jpg 2048w, https:\/\/www.granadaproperties.com\/wp-content\/uploads\/2024\/01\/1265d500-1060x795.jpg 1060w, https:\/\/www.granadaproperties.com\/wp-content\/uploads\/2024\/01\/1265d500-scaled-e1706202736598.jpg 600w\" sizes=\"(max-width: 900px) 100vw, 900px\" \/>\t\t\t\t\t\t\t\t<\/a>\n\t\t\t\t\t\t\t\t\t\t\t\t\t<\/div>\n\t\t\t\t<\/div>\n\t\t\t\t<div class=\"elementor-element elementor-element-27b9ef5 elementor-widget elementor-widget-text-editor\" data-id=\"27b9ef5\" data-element_type=\"widget\" data-widget_type=\"text-editor.default\">\n\t\t\t\t<div class=\"elementor-widget-container\">\n\t\t\t\t\t\t\t<p><a href=\"https:\/\/expedia.com\/affiliates\/almunecar-hotels-villa-marina-del-este-with-sea-view.TNDyl53\" target=\"_blank\" rel=\"noopener\"><strong>Villa Marina del Este con vistas al mar, terraza y Wi-Fi<\/strong><\/a><\/p>\t\t\t\t\t\t<\/div>\n\t\t\t\t<\/div>\n\t\t\t\t<div class=\"elementor-element elementor-element-431767c elementor-widget elementor-widget-text-editor\" data-id=\"431767c\" data-element_type=\"widget\" data-widget_type=\"text-editor.default\">\n\t\t\t\t<div class=\"elementor-widget-container\">\n\t\t\t\t\t\t\t<p>Almu\u00f1\u00e9car<\/p>\t\t\t\t\t\t<\/div>\n\t\t\t\t<\/div>\n\t\t\t\t<\/div>\n\t\t<div class=\"elementor-element elementor-element-85e00fa e-con-full e-flex e-con e-child\" data-id=\"85e00fa\" data-element_type=\"container\">\n\t\t\t\t<div class=\"elementor-element elementor-element-e0cbc11 elementor-widget elementor-widget-image\" data-id=\"e0cbc11\" data-element_type=\"widget\" data-widget_type=\"image.default\">\n\t\t\t\t<div class=\"elementor-widget-container\">\n\t\t\t\t\t\t\t\t\t\t\t\t\t\t<a href=\"https:\/\/www.expedia.com\/Almunecar-Hotels-Villa-With-2-Pools-And-Jacuzzi-With-Garden.h83207161.Hotel-Information?chkin=2024-02-17&#038;chkout=2024-02-18&#038;x_pwa=1&#038;rfrr=HSR&#038;pwa_ts=1707837393304&#038;referrerUrl=aHR0cHM6Ly93d3cuZXhwZWRpYS5jb20vSG90ZWwtU2VhcmNo&#038;useRewards=false&#038;rm1=a2&#038;regionId=5774&#038;destination=Almunecar%2C+Andalusia%2C+Spain&#038;destType=MARKET&#038;latLong=36.733699%2C-3.691178&#038;lodging=VILLA&#038;sort=RECOMMENDED&#038;top_dp=3416&#038;top_cur=USD&#038;userIntent=&#038;selectedRoomType=83207161&#038;selectedRatePlan=0002d064278a9d04405f96a4b93e581075ab&#038;searchId=8300e66c-4ebc-4c68-a7ef-ec9a8780d694&#038;clickref=1011lA5tg5VZ&#038;affcid=US.DIRECT.PHG.1101l337493.0&#038;ref_id=1011lA5tg5VZ&#038;my_ad=AFF.US.DIRECT.PHG.1101l337493.0&#038;afflid=1011lA5tg5VZ&#038;affdtl=PHG.1011lA5tg5VZ.\" target=\"_blank\" rel=\"noopener\">\n\t\t\t\t\t\t\t<img loading=\"lazy\" decoding=\"async\" width=\"800\" height=\"600\" src=\"https:\/\/www.granadaproperties.com\/wp-content\/uploads\/2024\/12\/villa.webp\" class=\"attachment-large size-large wp-image-11754\" alt=\"\" srcset=\"https:\/\/www.granadaproperties.com\/wp-content\/uploads\/2024\/12\/villa.webp 800w, https:\/\/www.granadaproperties.com\/wp-content\/uploads\/2024\/12\/villa-300x225.webp 300w, https:\/\/www.granadaproperties.com\/wp-content\/uploads\/2024\/12\/villa-768x576.webp 768w\" sizes=\"(max-width: 800px) 100vw, 800px\" \/>\t\t\t\t\t\t\t\t<\/a>\n\t\t\t\t\t\t\t\t\t\t\t\t\t<\/div>\n\t\t\t\t<\/div>\n\t\t\t\t<div class=\"elementor-element elementor-element-1cf780f elementor-widget elementor-widget-text-editor\" data-id=\"1cf780f\" data-element_type=\"widget\" data-widget_type=\"text-editor.default\">\n\t\t\t\t<div class=\"elementor-widget-container\">\n\t\t\t\t\t\t\t<p class=\"uitk-heading uitk-heading-3\" aria-hidden=\"true\"><a href=\"https:\/\/www.expedia.com\/Almunecar-Hotels-Villa-With-2-Pools-And-Jacuzzi-With-Garden.h83207161.Hotel-Information?chkin=2024-02-17&amp;chkout=2024-02-18&amp;x_pwa=1&amp;rfrr=HSR&amp;pwa_ts=1707837393304&amp;referrerUrl=aHR0cHM6Ly93d3cuZXhwZWRpYS5jb20vSG90ZWwtU2VhcmNo&amp;useRewards=false&amp;rm1=a2&amp;regionId=5774&amp;destination=Almunecar%2C+Andalusia%2C+Spain&amp;destType=MARKET&amp;latLong=36.733699%2C-3.691178&amp;lodging=VILLA&amp;sort=RECOMMENDED&amp;top_dp=3416&amp;top_cur=USD&amp;userIntent=&amp;selectedRoomType=83207161&amp;selectedRatePlan=0002d064278a9d04405f96a4b93e581075ab&amp;searchId=8300e66c-4ebc-4c68-a7ef-ec9a8780d694&amp;clickref=1011lA5tg5VZ&amp;affcid=US.DIRECT.PHG.1101l337493.0&amp;ref_id=1011lA5tg5VZ&amp;my_ad=AFF.US.DIRECT.PHG.1101l337493.0&amp;afflid=1011lA5tg5VZ&amp;affdtl=PHG.1011lA5tg5VZ.\" target=\"_blank\" rel=\"noopener\">Villa \u201ccon 2 Piscinas y Jacuzzi\u201d con Jard\u00edn, 2 Terrazas y Wi-Fi<\/a><\/p>\t\t\t\t\t\t<\/div>\n\t\t\t\t<\/div>\n\t\t\t\t<div class=\"elementor-element elementor-element-bf579c8 elementor-widget elementor-widget-text-editor\" data-id=\"bf579c8\" data-element_type=\"widget\" data-widget_type=\"text-editor.default\">\n\t\t\t\t<div class=\"elementor-widget-container\">\n\t\t\t\t\t\t\t<p>Almu\u00f1\u00e9car<\/p>\t\t\t\t\t\t<\/div>\n\t\t\t\t<\/div>\n\t\t\t\t<\/div>\n\t\t\t\t\t<\/div>\n\t\t\t\t<\/div>\n\t\t<div class=\"elementor-element elementor-element-5e684e1 e-flex e-con-boxed e-con e-parent\" data-id=\"5e684e1\" data-element_type=\"container\">\n\t\t\t\t\t<div class=\"e-con-inner\">\n\t\t<div class=\"elementor-element elementor-element-912d4f7 e-con-full e-flex e-con e-child\" data-id=\"912d4f7\" data-element_type=\"container\">\n\t\t\t\t<div class=\"elementor-element elementor-element-e06adb5 elementor-widget elementor-widget-image\" data-id=\"e06adb5\" data-element_type=\"widget\" data-widget_type=\"image.default\">\n\t\t\t\t<div class=\"elementor-widget-container\">\n\t\t\t\t\t\t\t\t\t\t\t\t\t\t<a href=\"https:\/\/expedia.com\/affiliates\/salobrena-hotels-pet-friendly-villa-buganvilla-with-sea-view.W909WvC\" target=\"_blank\" rel=\"noopener\">\n\t\t\t\t\t\t\t<img loading=\"lazy\" decoding=\"async\" width=\"900\" height=\"600\" src=\"https:\/\/www.granadaproperties.com\/wp-content\/uploads\/2024\/01\/5ef3fb52-1024x683.jpg\" class=\"attachment-large size-large wp-image-11312\" alt=\"\" srcset=\"https:\/\/www.granadaproperties.com\/wp-content\/uploads\/2024\/01\/5ef3fb52-1024x683.jpg 1024w, https:\/\/www.granadaproperties.com\/wp-content\/uploads\/2024\/01\/5ef3fb52-300x200.jpg 300w, https:\/\/www.granadaproperties.com\/wp-content\/uploads\/2024\/01\/5ef3fb52-768x512.jpg 768w, https:\/\/www.granadaproperties.com\/wp-content\/uploads\/2024\/01\/5ef3fb52-1536x1024.jpg 1536w, https:\/\/www.granadaproperties.com\/wp-content\/uploads\/2024\/01\/5ef3fb52-2048x1365.jpg 2048w, https:\/\/www.granadaproperties.com\/wp-content\/uploads\/2024\/01\/5ef3fb52-1060x707.jpg 1060w, https:\/\/www.granadaproperties.com\/wp-content\/uploads\/2024\/01\/5ef3fb52-scaled-e1706203492358.jpg 600w\" sizes=\"(max-width: 900px) 100vw, 900px\" \/>\t\t\t\t\t\t\t\t<\/a>\n\t\t\t\t\t\t\t\t\t\t\t\t\t<\/div>\n\t\t\t\t<\/div>\n\t\t\t\t<div class=\"elementor-element elementor-element-68ee6ca elementor-widget elementor-widget-text-editor\" data-id=\"68ee6ca\" data-element_type=\"widget\" data-widget_type=\"text-editor.default\">\n\t\t\t\t<div class=\"elementor-widget-container\">\n\t\t\t\t\t\t\t<p><strong><a href=\"https:\/\/expedia.com\/affiliates\/salobrena-hotels-pet-friendly-villa-buganvilla-with-sea-view.W909WvC\" target=\"_blank\" rel=\"noopener\">Villa Buganvilla que admite mascotas con vistas al mar, piscina, jacuzzi, Wi-Fi, aire acondicionado, terrazas y jard\u00edn<\/a><\/strong><\/p>\t\t\t\t\t\t<\/div>\n\t\t\t\t<\/div>\n\t\t\t\t<div class=\"elementor-element elementor-element-b00cef0 elementor-widget elementor-widget-text-editor\" data-id=\"b00cef0\" data-element_type=\"widget\" data-widget_type=\"text-editor.default\">\n\t\t\t\t<div class=\"elementor-widget-container\">\n\t\t\t\t\t\t\t<p>Salobre\u00f1a<\/p>\t\t\t\t\t\t<\/div>\n\t\t\t\t<\/div>\n\t\t\t\t<\/div>\n\t\t<div class=\"elementor-element elementor-element-fbfa65a e-con-full e-flex e-con e-child\" data-id=\"fbfa65a\" data-element_type=\"container\">\n\t\t\t\t<div class=\"elementor-element elementor-element-16aa78c elementor-widget elementor-widget-image\" data-id=\"16aa78c\" data-element_type=\"widget\" data-widget_type=\"image.default\">\n\t\t\t\t<div class=\"elementor-widget-container\">\n\t\t\t\t\t\t\t\t\t\t\t\t\t\t<a href=\"https:\/\/expedia.com\/affiliates\/almunecar-hotels-villa-herencia-four-bedroom-villa.zlHNePq\" target=\"_blank\" rel=\"noopener\">\n\t\t\t\t\t\t\t<img loading=\"lazy\" decoding=\"async\" width=\"900\" height=\"598\" src=\"https:\/\/www.granadaproperties.com\/wp-content\/uploads\/2024\/01\/7c39fb5d-1024x680.jpg\" class=\"attachment-large size-large wp-image-11314\" alt=\"\" srcset=\"https:\/\/www.granadaproperties.com\/wp-content\/uploads\/2024\/01\/7c39fb5d-1024x680.jpg 1024w, https:\/\/www.granadaproperties.com\/wp-content\/uploads\/2024\/01\/7c39fb5d-300x199.jpg 300w, https:\/\/www.granadaproperties.com\/wp-content\/uploads\/2024\/01\/7c39fb5d-768x510.jpg 768w, https:\/\/www.granadaproperties.com\/wp-content\/uploads\/2024\/01\/7c39fb5d-1060x704.jpg 1060w, https:\/\/www.granadaproperties.com\/wp-content\/uploads\/2024\/01\/7c39fb5d.jpg 1200w, https:\/\/www.granadaproperties.com\/wp-content\/uploads\/2024\/01\/7c39fb5d-600x399.jpg 600w\" sizes=\"(max-width: 900px) 100vw, 900px\" \/>\t\t\t\t\t\t\t\t<\/a>\n\t\t\t\t\t\t\t\t\t\t\t\t\t<\/div>\n\t\t\t\t<\/div>\n\t\t\t\t<div class=\"elementor-element elementor-element-e4c40c4 elementor-widget elementor-widget-text-editor\" data-id=\"e4c40c4\" data-element_type=\"widget\" data-widget_type=\"text-editor.default\">\n\t\t\t\t<div class=\"elementor-widget-container\">\n\t\t\t\t\t\t\t<p><strong><a href=\"https:\/\/expedia.com\/affiliates\/almunecar-hotels-villa-herencia-four-bedroom-villa.zlHNePq\" target=\"_blank\" rel=\"noopener\">Villa Herencia &#8211; Villa de cuatro dormitorios, 8 plazas<\/a><\/strong><\/p>\t\t\t\t\t\t<\/div>\n\t\t\t\t<\/div>\n\t\t\t\t<div class=\"elementor-element elementor-element-774fa7e elementor-widget elementor-widget-text-editor\" data-id=\"774fa7e\" data-element_type=\"widget\" data-widget_type=\"text-editor.default\">\n\t\t\t\t<div class=\"elementor-widget-container\">\n\t\t\t\t\t\t\t<p>La Herradura<\/p>\t\t\t\t\t\t<\/div>\n\t\t\t\t<\/div>\n\t\t\t\t<\/div>\n\t\t<div class=\"elementor-element elementor-element-9a7e54d e-con-full e-flex e-con e-child\" data-id=\"9a7e54d\" data-element_type=\"container\">\n\t\t\t\t<div class=\"elementor-element elementor-element-36aef71 elementor-widget elementor-widget-image\" data-id=\"36aef71\" data-element_type=\"widget\" data-widget_type=\"image.default\">\n\t\t\t\t<div class=\"elementor-widget-container\">\n\t\t\t\t\t\t\t\t\t\t\t\t\t\t<a href=\"https:\/\/expedia.com\/affiliates\/almunecar-hotels-vila-andaluza.V9ClRLA\" target=\"_blank\" rel=\"noopener\">\n\t\t\t\t\t\t\t<img loading=\"lazy\" decoding=\"async\" width=\"900\" height=\"633\" src=\"https:\/\/www.granadaproperties.com\/wp-content\/uploads\/2024\/01\/aa06df83-1024x720.jpg\" class=\"attachment-large size-large wp-image-11316\" alt=\"\" srcset=\"https:\/\/www.granadaproperties.com\/wp-content\/uploads\/2024\/01\/aa06df83-1024x720.jpg 1024w, https:\/\/www.granadaproperties.com\/wp-content\/uploads\/2024\/01\/aa06df83-300x211.jpg 300w, https:\/\/www.granadaproperties.com\/wp-content\/uploads\/2024\/01\/aa06df83-768x540.jpg 768w, https:\/\/www.granadaproperties.com\/wp-content\/uploads\/2024\/01\/aa06df83-1060x745.jpg 1060w, https:\/\/www.granadaproperties.com\/wp-content\/uploads\/2024\/01\/aa06df83.jpg 1280w\" sizes=\"(max-width: 900px) 100vw, 900px\" \/>\t\t\t\t\t\t\t\t<\/a>\n\t\t\t\t\t\t\t\t\t\t\t\t\t<\/div>\n\t\t\t\t<\/div>\n\t\t\t\t<div class=\"elementor-element elementor-element-015388b elementor-widget elementor-widget-text-editor\" data-id=\"015388b\" data-element_type=\"widget\" data-widget_type=\"text-editor.default\">\n\t\t\t\t<div class=\"elementor-widget-container\">\n\t\t\t\t\t\t\t<p><a href=\"https:\/\/expedia.com\/affiliates\/motril-hotels-pushe-village-playa-granada-beach-golf-1.HLZ6bDM\" target=\"_blank\" rel=\"noopener\"><strong>PUSHE Village Playa Granada Playa y Golf 1<\/strong><\/a><\/p>\t\t\t\t\t\t<\/div>\n\t\t\t\t<\/div>\n\t\t\t\t<div class=\"elementor-element elementor-element-7f20ae9 elementor-widget elementor-widget-text-editor\" data-id=\"7f20ae9\" data-element_type=\"widget\" data-widget_type=\"text-editor.default\">\n\t\t\t\t<div class=\"elementor-widget-container\">\n\t\t\t\t\t\t\t<p>Motril<\/p>\t\t\t\t\t\t<\/div>\n\t\t\t\t<\/div>\n\t\t\t\t<\/div>\n\t\t<div class=\"elementor-element elementor-element-3191c41 e-con-full e-flex e-con e-child\" data-id=\"3191c41\" data-element_type=\"container\">\n\t\t\t\t<div class=\"elementor-element elementor-element-8337ad1 elementor-widget elementor-widget-image\" data-id=\"8337ad1\" data-element_type=\"widget\" data-widget_type=\"image.default\">\n\t\t\t\t<div class=\"elementor-widget-container\">\n\t\t\t\t\t\t\t\t\t\t\t\t\t\t<a href=\"https:\/\/expedia.com\/affiliates\/motril-hotels-stunning-private-villa-with-wifi.v6Q22gk\" target=\"_blank\" rel=\"noopener\">\n\t\t\t\t\t\t\t<img loading=\"lazy\" decoding=\"async\" width=\"900\" height=\"675\" src=\"https:\/\/www.granadaproperties.com\/wp-content\/uploads\/2024\/01\/43aeed12-1024x768.jpg\" class=\"attachment-large size-large wp-image-11318\" alt=\"\" srcset=\"https:\/\/www.granadaproperties.com\/wp-content\/uploads\/2024\/01\/43aeed12-1024x768.jpg 1024w, https:\/\/www.granadaproperties.com\/wp-content\/uploads\/2024\/01\/43aeed12-300x225.jpg 300w, https:\/\/www.granadaproperties.com\/wp-content\/uploads\/2024\/01\/43aeed12-768x576.jpg 768w, https:\/\/www.granadaproperties.com\/wp-content\/uploads\/2024\/01\/43aeed12-1536x1152.jpg 1536w, https:\/\/www.granadaproperties.com\/wp-content\/uploads\/2024\/01\/43aeed12-1060x795.jpg 1060w, https:\/\/www.granadaproperties.com\/wp-content\/uploads\/2024\/01\/43aeed12.jpg 1920w\" sizes=\"(max-width: 900px) 100vw, 900px\" \/>\t\t\t\t\t\t\t\t<\/a>\n\t\t\t\t\t\t\t\t\t\t\t\t\t<\/div>\n\t\t\t\t<\/div>\n\t\t\t\t<div class=\"elementor-element elementor-element-64f65ae elementor-widget elementor-widget-text-editor\" data-id=\"64f65ae\" data-element_type=\"widget\" data-widget_type=\"text-editor.default\">\n\t\t\t\t<div class=\"elementor-widget-container\">\n\t\t\t\t\t\t\t<p><a href=\"https:\/\/expedia.com\/affiliates\/motril-hotels-stunning-private-villa-with-wifi.v6Q22gk\" target=\"_blank\" rel=\"noopener\">Preciosa villa privada con aire acondicionado, piscina privada, WIFI, TV, patio, admite mascotas y aparcamiento<\/a><\/p>\t\t\t\t\t\t<\/div>\n\t\t\t\t<\/div>\n\t\t\t\t<div class=\"elementor-element elementor-element-22752c6 elementor-widget elementor-widget-text-editor\" data-id=\"22752c6\" data-element_type=\"widget\" data-widget_type=\"text-editor.default\">\n\t\t\t\t<div class=\"elementor-widget-container\">\n\t\t\t\t\t\t\t<p>Almu\u00f1\u00e9car<\/p>\t\t\t\t\t\t<\/div>\n\t\t\t\t<\/div>\n\t\t\t\t<\/div>\n\t\t\t\t\t<\/div>\n\t\t\t\t<\/div>\n\t\t<div class=\"elementor-element elementor-element-0e19fcb e-flex e-con-boxed e-con e-parent\" data-id=\"0e19fcb\" data-element_type=\"container\">\n\t\t\t\t\t<div class=\"e-con-inner\">\n\t\t\t\t<div class=\"elementor-element elementor-element-17bb14d elementor-widget elementor-widget-text-editor\" data-id=\"17bb14d\" data-element_type=\"widget\" data-widget_type=\"text-editor.default\">\n\t\t\t\t<div class=\"elementor-widget-container\">\n\t\t\t\t\t\t\t<p>\u00bfTienes una vivienda de vacaciones? Haz clic aqu\u00ed para alquilar tu vivienda con nosotros <\/p>\t\t\t\t\t\t<\/div>\n\t\t\t\t<\/div>\n\t\t\t\t<div class=\"elementor-element elementor-element-8e49921 elementor-widget elementor-widget-button\" data-id=\"8e49921\" data-element_type=\"widget\" data-widget_type=\"button.default\">\n\t\t\t\t<div class=\"elementor-widget-container\">\n\t\t\t\t\t<div class=\"elementor-button-wrapper\">\n\t\t\t<a class=\"elementor-button elementor-button-link elementor-size-sm\" href=\"https:\/\/www.granadaproperties.com\/holiday-property-management\/\">\n\t\t\t\t\t\t<span class=\"elementor-button-content-wrapper\">\n\t\t\t\t\t\t\t\t\t<span class=\"elementor-button-text\">Pulsa aqu\u00ed<\/span>\n\t\t\t\t\t<\/span>\n\t\t\t\t\t<\/a>\n\t\t<\/div>\n\t\t\t\t<\/div>\n\t\t\t\t<\/div>\n\t\t\t\t\t<\/div>\n\t\t\t\t<\/div>\n\t\t\t\t<\/div>\n\t\t","protected":false},"excerpt":{"rendered":"<p>Encuentra las mejores villas de alquiler en la Costa Tropical. Nos hemos asociado con Expedia, una plataforma consolidada y de confianza para reservar exclusivas casas de vacaciones en todo el mundo. Maravillosa villa privada para 6 hu\u00e9spedes con aire acondicionado, WIFI, piscina privada, TV y patio Almu\u00f1\u00e9car Villa Andaluza con vistas al mar, piscina, jard\u00edn [&hellip;]<\/p>\n","protected":false},"author":1,"featured_media":0,"parent":0,"menu_order":0,"comment_status":"closed","ping_status":"closed","template":"elementor_header_footer","meta":{"footnotes":""},"class_list":["post-11856","page","type-page","status-publish","hentry"],"_links":{"self":[{"href":"https:\/\/www.granadaproperties.com\/es\/wp-json\/wp\/v2\/pages\/11856","targetHints":{"allow":["GET"]}}],"collection":[{"href":"https:\/\/www.granadaproperties.com\/es\/wp-json\/wp\/v2\/pages"}],"about":[{"href":"https:\/\/www.granadaproperties.com\/es\/wp-json\/wp\/v2\/types\/page"}],"author":[{"embeddable":true,"href":"https:\/\/www.granadaproperties.com\/es\/wp-json\/wp\/v2\/users\/1"}],"replies":[{"embeddable":true,"href":"https:\/\/www.granadaproperties.com\/es\/wp-json\/wp\/v2\/comments?post=11856"}],"version-history":[{"count":1,"href":"https:\/\/www.granadaproperties.com\/es\/wp-json\/wp\/v2\/pages\/11856\/revisions"}],"predecessor-version":[{"id":11862,"href":"https:\/\/www.granadaproperties.com\/es\/wp-json\/wp\/v2\/pages\/11856\/revisions\/11862"}],"wp:attachment":[{"href":"https:\/\/www.granadaproperties.com\/es\/wp-json\/wp\/v2\/media?parent=11856"}],"curies":[{"name":"wp","href":"https:\/\/api.w.org\/{rel}","templated":true}]}}