{"id":11849,"date":"2024-03-16T22:18:18","date_gmt":"2024-03-16T22:18:18","guid":{"rendered":"https:\/\/www.granadaproperties.com\/alquila-tu-vivienda-2\/"},"modified":"2025-06-09T10:13:58","modified_gmt":"2025-06-09T10:13:58","slug":"alquila-tu-vivienda-2","status":"publish","type":"page","link":"https:\/\/www.granadaproperties.com\/es\/alquila-tu-vivienda-2\/","title":{"rendered":"Alquila tu vivienda"},"content":{"rendered":"\t\t<div data-elementor-type=\"wp-post\" data-elementor-id=\"11849\" class=\"elementor elementor-11849 elementor-9589\">\n\t\t\t\t<div class=\"elementor-element elementor-element-a048a3d e-flex e-con-boxed e-con e-parent\" data-id=\"a048a3d\" data-element_type=\"container\">\n\t\t\t\t\t<div class=\"e-con-inner\">\n\t\t\t\t<div class=\"elementor-element elementor-element-07b8b54 elementor-widget elementor-widget-heading\" data-id=\"07b8b54\" data-element_type=\"widget\" data-widget_type=\"heading.default\">\n\t\t\t\t<div class=\"elementor-widget-container\">\n\t\t\t<h1 class=\"elementor-heading-title elementor-size-default\">\u00bfEst\u00e1s pensando en alquilar tu vivienda?<\/h1>\t\t<\/div>\n\t\t\t\t<\/div>\n\t\t\t\t\t<\/div>\n\t\t\t\t<\/div>\n\t\t<div class=\"elementor-element elementor-element-ba3c202 e-flex e-con-boxed e-con e-parent\" data-id=\"ba3c202\" data-element_type=\"container\">\n\t\t\t\t\t<div class=\"e-con-inner\">\n\t\t\t\t<div class=\"elementor-element elementor-element-12bde7a elementor-widget__width-initial elementor-widget elementor-widget-text-editor\" data-id=\"12bde7a\" data-element_type=\"widget\" data-widget_type=\"text-editor.default\">\n\t\t\t\t<div class=\"elementor-widget-container\">\n\t\t\t\t\t\t\t<p>En Granada Properties comprendemos la importancia de garantizar que la gesti\u00f3n de tu propiedad funcione sin problemas, proporcionando una experiencia fluida tanto a los propietarios como a los inquilinos. Nuestros servicios abarcan todos los aspectos de la gesti\u00f3n de alquileres, desde el mantenimiento de la propiedad hasta la satisfacci\u00f3n de los hu\u00e9spedes y la optimizaci\u00f3n de las listas. Con nuestra experiencia y dedicaci\u00f3n, nuestro objetivo es maximizar el potencial de tu propiedad.<\/p>\t\t\t\t\t\t<\/div>\n\t\t\t\t<\/div>\n\t\t\t\t\t<\/div>\n\t\t\t\t<\/div>\n\t\t<div class=\"elementor-element elementor-element-c3ce836 e-flex e-con-boxed e-con e-parent\" data-id=\"c3ce836\" data-element_type=\"container\">\n\t\t\t\t\t<div class=\"e-con-inner\">\n\t\t\t\t<div class=\"elementor-element elementor-element-5706ccd elementor-widget elementor-widget-heading\" data-id=\"5706ccd\" data-element_type=\"widget\" data-widget_type=\"heading.default\">\n\t\t\t\t<div class=\"elementor-widget-container\">\n\t\t\t<h2 class=\"elementor-heading-title elementor-size-default\">Alquila tus inmuebles con Granada Properties<\/h2>\t\t<\/div>\n\t\t\t\t<\/div>\n\t\t\t\t\t<\/div>\n\t\t\t\t<\/div>\n\t\t<div class=\"elementor-element elementor-element-18adce3 e-flex e-con-boxed e-con e-parent\" data-id=\"18adce3\" data-element_type=\"container\">\n\t\t\t\t\t<div class=\"e-con-inner\">\n\t\t<div class=\"elementor-element elementor-element-bb7c8f3 e-con-full e-flex e-con e-child\" data-id=\"bb7c8f3\" data-element_type=\"container\">\n\t\t\t\t<div class=\"elementor-element elementor-element-8dfc6b6 elementor-widget elementor-widget-image\" data-id=\"8dfc6b6\" data-element_type=\"widget\" data-widget_type=\"image.default\">\n\t\t\t\t<div class=\"elementor-widget-container\">\n\t\t\t\t\t\t\t\t\t\t\t\t\t<img fetchpriority=\"high\" decoding=\"async\" width=\"900\" height=\"675\" src=\"https:\/\/www.granadaproperties.com\/wp-content\/uploads\/2024\/12\/villa2-1024x768.webp\" class=\"attachment-large size-large wp-image-11760\" alt=\"\" srcset=\"https:\/\/www.granadaproperties.com\/wp-content\/uploads\/2024\/12\/villa2-1024x768.webp 1024w, https:\/\/www.granadaproperties.com\/wp-content\/uploads\/2024\/12\/villa2-300x225.webp 300w, https:\/\/www.granadaproperties.com\/wp-content\/uploads\/2024\/12\/villa2-768x576.webp 768w, https:\/\/www.granadaproperties.com\/wp-content\/uploads\/2024\/12\/villa2.webp 1536w\" sizes=\"(max-width: 900px) 100vw, 900px\" \/>\t\t\t\t\t\t\t\t\t\t\t\t\t<\/div>\n\t\t\t\t<\/div>\n\t\t\t\t<\/div>\n\t\t<div class=\"elementor-element elementor-element-c5a946c e-con-full e-flex e-con e-child\" data-id=\"c5a946c\" data-element_type=\"container\">\n\t\t\t\t<div class=\"elementor-element elementor-element-0a57ebc elementor-widget elementor-widget-text-editor\" data-id=\"0a57ebc\" data-element_type=\"widget\" data-widget_type=\"text-editor.default\">\n\t\t\t\t<div class=\"elementor-widget-container\">\n\t\t\t\t\t\t\t<p>Alquilar tu vivienda nunca ha sido tan f\u00e1cil. En <strong>Granada Properties<\/strong>, nos ocupamos de todo para que puedas disfrutar de los beneficios de tu inversi\u00f3n sin estr\u00e9s. Desde la comercializaci\u00f3n de tu propiedad hasta la b\u00fasqueda de inquilinos fiables, pasando por la supervisi\u00f3n de la firma del contrato de alquiler y la gesti\u00f3n de las operaciones diarias, nuestro equipo de expertos garantiza una experiencia de alquiler fluida y rentable.<\/p><p><strong>\u00bfPor qu\u00e9 elegir Granada Properties?<\/strong><br>Estamos especializados en alquileres de larga duraci\u00f3n en Granada y alrededores, poniendo en contacto a propietarios con inquilinos de confianza. Nuestros servicios integrales est\u00e1n dise\u00f1ados para maximizar tus ingresos por alquiler, a la vez que te proporcionan total tranquilidad.<\/p>\t\t\t\t\t\t<\/div>\n\t\t\t\t<\/div>\n\t\t\t\t<\/div>\n\t\t\t\t\t<\/div>\n\t\t\t\t<\/div>\n\t\t<div class=\"elementor-element elementor-element-65d2d92 e-flex e-con-boxed e-con e-parent\" data-id=\"65d2d92\" data-element_type=\"container\">\n\t\t\t\t\t<div class=\"e-con-inner\">\n\t\t\t\t<div class=\"elementor-element elementor-element-33c5eb7 elementor-widget elementor-widget-heading\" data-id=\"33c5eb7\" data-element_type=\"widget\" data-widget_type=\"heading.default\">\n\t\t\t\t<div class=\"elementor-widget-container\">\n\t\t\t<h3 class=\"elementor-heading-title elementor-size-default\">  Nuestros servicios<\/h3>\t\t<\/div>\n\t\t\t\t<\/div>\n\t\t\t\t\t<\/div>\n\t\t\t\t<\/div>\n\t\t<div class=\"elementor-element elementor-element-e65726b e-flex e-con-boxed e-con e-parent\" data-id=\"e65726b\" data-element_type=\"container\">\n\t\t\t\t\t<div class=\"e-con-inner\">\n\t\t\t\t<div class=\"elementor-element elementor-element-95c44f4 elementor-widget__width-initial elementor-widget elementor-widget-text-editor\" data-id=\"95c44f4\" data-element_type=\"widget\" data-widget_type=\"text-editor.default\">\n\t\t\t\t<div class=\"elementor-widget-container\">\n\t\t\t\t\t\t\t<p><strong>1. Marketing y promoci\u00f3n profesionales<\/strong><br>Mostramos tu propiedad en todo su potencial a trav\u00e9s de:<\/p><p>-Publicidad en los principales sitios web y plataformas inmobiliarias y marketing espec\u00edfico para atraer inquilinos a largo plazo<\/p><p>Nuestro objetivo es minimizar las vacantes y encontrar r\u00e1pidamente a los inquilinos adecuados.<\/p><p><strong>2. Gesti\u00f3n inmobiliaria completa<\/strong><br>Nos ocupamos de las operaciones diarias para que t\u00fa no tengas que hacerlo. Nuestros servicios de gesti\u00f3n incluyen:<\/p><p>-Inspecciones: Revisiones peri\u00f3dicas de la propiedad para garantizar su buen mantenimiento.<\/p><p>-Mantenimiento y Reparaciones: Coordinaci\u00f3n de profesionales de confianza para cualquier problema<\/p><p><strong>3. Apoyo legal y administrativo<\/strong><br>Navegar por los contratos y las leyes de alquiler puede ser complejo. Nuestro equipo proporciona asistencia jur\u00eddica y administrativa completa, que incluye:<\/p><p>Nosotros nos encargamos del papeleo, para que t\u00fa no tengas que preocuparte de nada.<\/p>\t\t\t\t\t\t<\/div>\n\t\t\t\t<\/div>\n\t\t\t\t\t<\/div>\n\t\t\t\t<\/div>\n\t\t<div class=\"elementor-element elementor-element-68b1f21 e-flex e-con-boxed e-con e-parent\" data-id=\"68b1f21\" data-element_type=\"container\">\n\t\t\t\t\t<div class=\"e-con-inner\">\n\t\t\t\t<div class=\"elementor-element elementor-element-42d85b7 elementor-widget elementor-widget-text-editor\" data-id=\"42d85b7\" data-element_type=\"widget\" data-widget_type=\"text-editor.default\">\n\t\t\t\t<div class=\"elementor-widget-container\">\n\t\t\t\t\t\t\t<p><strong>Nos ocupamos de todo<\/strong><br>En Granada Properties, nuestra misi\u00f3n es hacer que el alquiler a largo plazo sea sencillo, rentable y sin estr\u00e9s. Tanto si alquilas una casa unifamiliar, un apartamento o un chalet, nos encargamos de todos los aspectos del proceso, desde el marketing y la selecci\u00f3n de inquilinos hasta la gesti\u00f3n continua.<\/p><p>C\u00e9ntrate en tu inversi\u00f3n. D\u00e9janos hacer el resto.<\/p>\t\t\t\t\t\t<\/div>\n\t\t\t\t<\/div>\n\t\t\t\t\t<\/div>\n\t\t\t\t<\/div>\n\t\t<div class=\"elementor-element elementor-element-b61ca18 e-flex e-con-boxed e-con e-parent\" data-id=\"b61ca18\" data-element_type=\"container\">\n\t\t\t\t\t<div class=\"e-con-inner\">\n\t\t\t\t<div class=\"elementor-element elementor-element-58c8642 elementor-widget-divider--view-line elementor-widget elementor-widget-divider\" data-id=\"58c8642\" data-element_type=\"widget\" data-widget_type=\"divider.default\">\n\t\t\t\t<div class=\"elementor-widget-container\">\n\t\t\t\t\t<div class=\"elementor-divider\">\n\t\t\t<span class=\"elementor-divider-separator\">\n\t\t\t\t\t\t<\/span>\n\t\t<\/div>\n\t\t\t\t<\/div>\n\t\t\t\t<\/div>\n\t\t\t\t<div class=\"elementor-element elementor-element-630e7e3 elementor-align-center elementor-widget elementor-widget-button\" data-id=\"630e7e3\" data-element_type=\"widget\" data-widget_type=\"button.default\">\n\t\t\t\t<div class=\"elementor-widget-container\">\n\t\t\t\t\t<div class=\"elementor-button-wrapper\">\n\t\t\t<a class=\"elementor-button elementor-button-link elementor-size-sm\" href=\"https:\/\/www.granadaproperties.com\/es\/formulario-de-alquiler\/\">\n\t\t\t\t\t\t<span class=\"elementor-button-content-wrapper\">\n\t\t\t\t\t\t\t\t\t<span class=\"elementor-button-text\">Haz clic aqu\u00ed para empezar<\/span>\n\t\t\t\t\t<\/span>\n\t\t\t\t\t<\/a>\n\t\t<\/div>\n\t\t\t\t<\/div>\n\t\t\t\t<\/div>\n\t\t\t\t\t<\/div>\n\t\t\t\t<\/div>\n\t\t<div class=\"elementor-element elementor-element-6af204f e-flex e-con-boxed e-con e-parent\" data-id=\"6af204f\" data-element_type=\"container\">\n\t\t\t\t\t<div class=\"e-con-inner\">\n\t\t\t\t<div class=\"elementor-element elementor-element-18bdc06 elementor-widget-divider--view-line elementor-widget elementor-widget-divider\" data-id=\"18bdc06\" data-element_type=\"widget\" data-widget_type=\"divider.default\">\n\t\t\t\t<div class=\"elementor-widget-container\">\n\t\t\t\t\t<div class=\"elementor-divider\">\n\t\t\t<span class=\"elementor-divider-separator\">\n\t\t\t\t\t\t<\/span>\n\t\t<\/div>\n\t\t\t\t<\/div>\n\t\t\t\t<\/div>\n\t\t\t\t\t<\/div>\n\t\t\t\t<\/div>\n\t\t\t\t<\/div>\n\t\t","protected":false},"excerpt":{"rendered":"<p>\u00bfEst\u00e1s pensando en alquilar tu vivienda? En Granada Properties comprendemos la importancia de garantizar que la gesti\u00f3n de tu propiedad funcione sin problemas, proporcionando una experiencia fluida tanto a los propietarios como a los inquilinos. Nuestros servicios abarcan todos los aspectos de la gesti\u00f3n de alquileres, desde el mantenimiento de la propiedad hasta la satisfacci\u00f3n [&hellip;]<\/p>\n","protected":false},"author":2,"featured_media":0,"parent":0,"menu_order":0,"comment_status":"closed","ping_status":"closed","template":"","meta":{"footnotes":""},"class_list":["post-11849","page","type-page","status-publish","hentry"],"_links":{"self":[{"href":"https:\/\/www.granadaproperties.com\/es\/wp-json\/wp\/v2\/pages\/11849","targetHints":{"allow":["GET"]}}],"collection":[{"href":"https:\/\/www.granadaproperties.com\/es\/wp-json\/wp\/v2\/pages"}],"about":[{"href":"https:\/\/www.granadaproperties.com\/es\/wp-json\/wp\/v2\/types\/page"}],"author":[{"embeddable":true,"href":"https:\/\/www.granadaproperties.com\/es\/wp-json\/wp\/v2\/users\/2"}],"replies":[{"embeddable":true,"href":"https:\/\/www.granadaproperties.com\/es\/wp-json\/wp\/v2\/comments?post=11849"}],"version-history":[{"count":1,"href":"https:\/\/www.granadaproperties.com\/es\/wp-json\/wp\/v2\/pages\/11849\/revisions"}],"predecessor-version":[{"id":11851,"href":"https:\/\/www.granadaproperties.com\/es\/wp-json\/wp\/v2\/pages\/11849\/revisions\/11851"}],"wp:attachment":[{"href":"https:\/\/www.granadaproperties.com\/es\/wp-json\/wp\/v2\/media?parent=11849"}],"curies":[{"name":"wp","href":"https:\/\/api.w.org\/{rel}","templated":true}]}}