{"id":11801,"date":"2024-12-20T19:34:37","date_gmt":"2024-12-20T19:34:37","guid":{"rendered":"https:\/\/www.granadaproperties.com\/alquila-tu-vivienda\/"},"modified":"2025-06-09T10:13:47","modified_gmt":"2025-06-09T10:13:47","slug":"alquila-tu-vivienda","status":"publish","type":"page","link":"https:\/\/www.granadaproperties.com\/es\/alquila-tu-vivienda\/","title":{"rendered":"Alquila tu vivienda"},"content":{"rendered":"\t\t<div data-elementor-type=\"wp-post\" data-elementor-id=\"11801\" class=\"elementor elementor-11801 elementor-10626\">\n\t\t\t\t\t\t<section class=\"elementor-section elementor-top-section elementor-element elementor-element-caf3232 elementor-section-boxed elementor-section-height-default elementor-section-height-default\" data-id=\"caf3232\" data-element_type=\"section\">\n\t\t\t\t\t\t<div class=\"elementor-container elementor-column-gap-default\">\n\t\t\t\t\t<div class=\"elementor-column elementor-col-100 elementor-top-column elementor-element elementor-element-c5b299b stretch-to-none\" data-id=\"c5b299b\" data-element_type=\"column\">\n\t\t\t<div class=\"elementor-widget-wrap elementor-element-populated\">\n\t\t\t\t\t\t<div class=\"elementor-element elementor-element-4dfb4b8 elementor-widget elementor-widget-heading\" data-id=\"4dfb4b8\" data-element_type=\"widget\" data-widget_type=\"heading.default\">\n\t\t\t\t<div class=\"elementor-widget-container\">\n\t\t\t<h2 class=\"elementor-heading-title elementor-size-default\">Alquila tu propiedad<\/h2>\t\t<\/div>\n\t\t\t\t<\/div>\n\t\t\t\t<div class=\"elementor-element elementor-element-c3a4e3f elementor-widget elementor-widget-heading\" data-id=\"c3a4e3f\" data-element_type=\"widget\" data-widget_type=\"heading.default\">\n\t\t\t\t<div class=\"elementor-widget-container\">\n\t\t\t<h2 class=\"elementor-heading-title elementor-size-default\">Convierte tu propiedad en un pr\u00f3spero alquiler vacacional con nuestras flexibles opciones de servicio.<\/h2>\t\t<\/div>\n\t\t\t\t<\/div>\n\t\t\t\t<div class=\"elementor-element elementor-element-799351c elementor-widget elementor-widget-text-editor\" data-id=\"799351c\" data-element_type=\"widget\" data-widget_type=\"text-editor.default\">\n\t\t\t\t<div class=\"elementor-widget-container\">\n\t\t\t\t\t\t\t<p>Elige nuestro <strong data-start=\"263\" data-end=\"290\">paquete de gesti\u00f3n completa<\/strong>, en el que nuestro equipo de expertos se encarga de todo, desde la selecci\u00f3n de hu\u00e9spedes, las reservas, el marketing y la comunicaci\u00f3n con los hu\u00e9spedes hasta la limpieza, la gesti\u00f3n de la propiedad y el mantenimiento. Este enfoque no intervencionista maximiza el potencial de ingresos de tu propiedad sin ninguna molestia para ti. Alternativamente, opta por nuestro <strong data-start=\"569\" data-end=\"597\">servicio de s\u00f3lo publicidad<\/strong>, que te permite anunciar tu propiedad en nuestra plataforma mientras gestionas las reservas de forma independiente.<\/p><p>Tanto si prefieres una soluci\u00f3n sin intervenci\u00f3n alguna como un enfoque m\u00e1s autogestionado, nuestras soluciones de alquiler est\u00e1n dise\u00f1adas para satisfacer tus necesidades y maximizar el potencial de ingresos de tu propiedad.<\/p>\t\t\t\t\t\t<\/div>\n\t\t\t\t<\/div>\n\t\t\t\t\t<\/div>\n\t\t<\/div>\n\t\t\t\t\t<\/div>\n\t\t<\/section>\n\t\t\t\t<section class=\"elementor-section elementor-top-section elementor-element elementor-element-266503ea elementor-section-boxed elementor-section-height-default elementor-section-height-default\" data-id=\"266503ea\" data-element_type=\"section\" data-settings=\"{&quot;background_background&quot;:&quot;classic&quot;}\">\n\t\t\t\t\t\t<div class=\"elementor-container elementor-column-gap-default\">\n\t\t\t\t\t<div class=\"elementor-column elementor-col-100 elementor-top-column elementor-element elementor-element-68eab01e stretch-to-none\" data-id=\"68eab01e\" data-element_type=\"column\" data-settings=\"{&quot;background_background&quot;:&quot;gradient&quot;}\">\n\t\t\t<div class=\"elementor-widget-wrap elementor-element-populated\">\n\t\t\t\t\t\t<div class=\"elementor-element elementor-element-347d7141 elementor-widget elementor-widget-heading\" data-id=\"347d7141\" data-element_type=\"widget\" data-widget_type=\"heading.default\">\n\t\t\t\t<div class=\"elementor-widget-container\">\n\t\t\t<h2 class=\"elementor-heading-title elementor-size-default\">Servicio S\u00f3lo Publicidad<br><\/h2>\t\t<\/div>\n\t\t\t\t<\/div>\n\t\t\t\t<div class=\"elementor-element elementor-element-1a90a231 elementor-widget elementor-widget-image\" data-id=\"1a90a231\" data-element_type=\"widget\" data-widget_type=\"image.default\">\n\t\t\t\t<div class=\"elementor-widget-container\">\n\t\t\t\t\t\t\t\t\t\t\t\t\t<img fetchpriority=\"high\" decoding=\"async\" width=\"300\" height=\"225\" src=\"https:\/\/www.granadaproperties.com\/wp-content\/uploads\/2025\/03\/adfaa302_800x600-300x225.webp\" class=\"attachment-medium size-medium wp-image-11768\" alt=\"\" srcset=\"https:\/\/www.granadaproperties.com\/wp-content\/uploads\/2025\/03\/adfaa302_800x600-300x225.webp 300w, https:\/\/www.granadaproperties.com\/wp-content\/uploads\/2025\/03\/adfaa302_800x600-768x576.webp 768w, https:\/\/www.granadaproperties.com\/wp-content\/uploads\/2025\/03\/adfaa302_800x600.webp 800w\" sizes=\"(max-width: 300px) 100vw, 300px\" \/>\t\t\t\t\t\t\t\t\t\t\t\t\t<\/div>\n\t\t\t\t<\/div>\n\t\t\t\t<div class=\"elementor-element elementor-element-6f8ea9e4 elementor-widget elementor-widget-text-editor\" data-id=\"6f8ea9e4\" data-element_type=\"widget\" data-widget_type=\"text-editor.default\">\n\t\t\t\t<div class=\"elementor-widget-container\">\n\t\t\t\t\t\t\t<p><strong>\u00bfPrefieres gestionar t\u00fa mismo tu alquiler pero necesitas m\u00e1s visibilidad?<\/strong>  Nuestro servicio exclusivamente publicitario te permite publicar tu inmueble en nuestra plataforma y conectar directamente con posibles inquilinos. T\u00fa te encargas de las consultas, las reservas y el mantenimiento de la propiedad, mientras que nosotros te proporcionamos un espacio muy transitado para mostrar tu casa. Esta opci\u00f3n rentable es ideal para propietarios pr\u00e1cticos que quieren controlar su proceso de alquiler al tiempo que se benefician del alcance de nuestra plataforma. \u00a1Haz clic en el bot\u00f3n de abajo para anunciar tu propiedad hoy mismo y atraer hu\u00e9spedes de calidad con facilidad!<\/p>\t\t\t\t\t\t<\/div>\n\t\t\t\t<\/div>\n\t\t\t\t<div class=\"elementor-element elementor-element-57c1c127 elementor-button-info elementor-align-center elementor-mobile-align-center elementor-widget elementor-widget-button\" data-id=\"57c1c127\" data-element_type=\"widget\" data-settings=\"{&quot;_animation&quot;:&quot;none&quot;}\" data-widget_type=\"button.default\">\n\t\t\t\t<div class=\"elementor-widget-container\">\n\t\t\t\t\t<div class=\"elementor-button-wrapper\">\n\t\t\t<a class=\"elementor-button elementor-button-link elementor-size-sm elementor-animation-pulse\" href=\"https:\/\/rentals.granadaproperties.com\/rent-your-property\/\">\n\t\t\t\t\t\t<span class=\"elementor-button-content-wrapper\">\n\t\t\t\t\t\t\t\t\t<span class=\"elementor-button-text\">Anunciar mi alquiler vacacional<\/span>\n\t\t\t\t\t<\/span>\n\t\t\t\t\t<\/a>\n\t\t<\/div>\n\t\t\t\t<\/div>\n\t\t\t\t<\/div>\n\t\t\t\t\t<\/div>\n\t\t<\/div>\n\t\t\t\t\t<\/div>\n\t\t<\/section>\n\t\t\t\t<section class=\"elementor-section elementor-top-section elementor-element elementor-element-455616e8 elementor-section-boxed elementor-section-height-default elementor-section-height-default\" data-id=\"455616e8\" data-element_type=\"section\" data-settings=\"{&quot;background_background&quot;:&quot;gradient&quot;}\">\n\t\t\t\t\t\t<div class=\"elementor-container elementor-column-gap-default\">\n\t\t\t\t\t<div class=\"elementor-column elementor-col-100 elementor-top-column elementor-element elementor-element-77c72f44 stretch-to-none\" data-id=\"77c72f44\" data-element_type=\"column\" data-settings=\"{&quot;background_background&quot;:&quot;gradient&quot;}\">\n\t\t\t<div class=\"elementor-widget-wrap elementor-element-populated\">\n\t\t\t\t\t\t<div class=\"elementor-element elementor-element-3961e210 elementor-widget elementor-widget-heading\" data-id=\"3961e210\" data-element_type=\"widget\" data-widget_type=\"heading.default\">\n\t\t\t\t<div class=\"elementor-widget-container\">\n\t\t\t<h2 class=\"elementor-heading-title elementor-size-default\">Servicio completo de gesti\u00f3n <br><\/h2>\t\t<\/div>\n\t\t\t\t<\/div>\n\t\t\t\t<div class=\"elementor-element elementor-element-5b355852 elementor-widget elementor-widget-image\" data-id=\"5b355852\" data-element_type=\"widget\" data-widget_type=\"image.default\">\n\t\t\t\t<div class=\"elementor-widget-container\">\n\t\t\t\t\t\t\t\t\t\t\t\t\t<img decoding=\"async\" width=\"300\" height=\"225\" src=\"https:\/\/www.granadaproperties.com\/wp-content\/uploads\/2025\/03\/villa1-1-300x225.webp\" class=\"attachment-medium size-medium wp-image-11770\" alt=\"\" srcset=\"https:\/\/www.granadaproperties.com\/wp-content\/uploads\/2025\/03\/villa1-1-300x225.webp 300w, https:\/\/www.granadaproperties.com\/wp-content\/uploads\/2025\/03\/villa1-1-768x576.webp 768w, https:\/\/www.granadaproperties.com\/wp-content\/uploads\/2025\/03\/villa1-1.webp 800w\" sizes=\"(max-width: 300px) 100vw, 300px\" \/>\t\t\t\t\t\t\t\t\t\t\t\t\t<\/div>\n\t\t\t\t<\/div>\n\t\t\t\t<div class=\"elementor-element elementor-element-6deffa0a elementor-widget elementor-widget-text-editor\" data-id=\"6deffa0a\" data-element_type=\"widget\" data-widget_type=\"text-editor.default\">\n\t\t\t\t<div class=\"elementor-widget-container\">\n\t\t\t\t\t\t\t<p><strong>Elimina el estr\u00e9s de los alquileres de corta duraci\u00f3n con nuestro servicio integral de gesti\u00f3n inmobiliaria.<\/strong>  Nos encargamos de todo: desde la comercializaci\u00f3n de tu casa y la selecci\u00f3n de los hu\u00e9spedes hasta la gesti\u00f3n de las reservas, los contratos y el cobro del alquiler. Nuestro equipo se asegura de que tu propiedad est\u00e9 bien mantenida, se limpie entre estancias y est\u00e9 siempre lista para los hu\u00e9spedes. Haz clic en el bot\u00f3n de abajo para saber m\u00e1s.<\/p>\t\t\t\t\t\t<\/div>\n\t\t\t\t<\/div>\n\t\t\t\t<div class=\"elementor-element elementor-element-4a1cf8ae elementor-button-info elementor-align-center elementor-widget elementor-widget-button\" data-id=\"4a1cf8ae\" data-element_type=\"widget\" data-settings=\"{&quot;_animation&quot;:&quot;none&quot;}\" data-widget_type=\"button.default\">\n\t\t\t\t<div class=\"elementor-widget-container\">\n\t\t\t\t\t<div class=\"elementor-button-wrapper\">\n\t\t\t<a class=\"elementor-button elementor-button-link elementor-size-sm elementor-animation-pulse\" href=\"https:\/\/www.granadaproperties.com\/holiday-property-management\/\">\n\t\t\t\t\t\t<span class=\"elementor-button-content-wrapper\">\n\t\t\t\t\t\t\t\t\t<span class=\"elementor-button-text\">M\u00e1s informaci\u00f3n<\/span>\n\t\t\t\t\t<\/span>\n\t\t\t\t\t<\/a>\n\t\t<\/div>\n\t\t\t\t<\/div>\n\t\t\t\t<\/div>\n\t\t\t\t\t<\/div>\n\t\t<\/div>\n\t\t\t\t\t<\/div>\n\t\t<\/section>\n\t\t\t\t<\/div>\n\t\t","protected":false},"excerpt":{"rendered":"<p>Alquila tu propiedad Convierte tu propiedad en un pr\u00f3spero alquiler vacacional con nuestras flexibles opciones de servicio. Elige nuestro paquete de gesti\u00f3n completa, en el que nuestro equipo de expertos se encarga de todo, desde la selecci\u00f3n de hu\u00e9spedes, las reservas, el marketing y la comunicaci\u00f3n con los hu\u00e9spedes hasta la limpieza, la gesti\u00f3n de [&hellip;]<\/p>\n","protected":false},"author":1,"featured_media":0,"parent":0,"menu_order":0,"comment_status":"closed","ping_status":"closed","template":"elementor_header_footer","meta":{"footnotes":""},"class_list":["post-11801","page","type-page","status-publish","hentry"],"_links":{"self":[{"href":"https:\/\/www.granadaproperties.com\/es\/wp-json\/wp\/v2\/pages\/11801","targetHints":{"allow":["GET"]}}],"collection":[{"href":"https:\/\/www.granadaproperties.com\/es\/wp-json\/wp\/v2\/pages"}],"about":[{"href":"https:\/\/www.granadaproperties.com\/es\/wp-json\/wp\/v2\/types\/page"}],"author":[{"embeddable":true,"href":"https:\/\/www.granadaproperties.com\/es\/wp-json\/wp\/v2\/users\/1"}],"replies":[{"embeddable":true,"href":"https:\/\/www.granadaproperties.com\/es\/wp-json\/wp\/v2\/comments?post=11801"}],"version-history":[{"count":1,"href":"https:\/\/www.granadaproperties.com\/es\/wp-json\/wp\/v2\/pages\/11801\/revisions"}],"predecessor-version":[{"id":11802,"href":"https:\/\/www.granadaproperties.com\/es\/wp-json\/wp\/v2\/pages\/11801\/revisions\/11802"}],"wp:attachment":[{"href":"https:\/\/www.granadaproperties.com\/es\/wp-json\/wp\/v2\/media?parent=11801"}],"curies":[{"name":"wp","href":"https:\/\/api.w.org\/{rel}","templated":true}]}}